{"id":12,"date":"2024-10-05T14:51:21","date_gmt":"2024-10-05T17:51:21","guid":{"rendered":"https:\/\/www.naturafrig.com.br\/?page_id=12"},"modified":"2025-11-07T16:02:55","modified_gmt":"2025-11-07T19:02:55","slug":"naturafrig","status":"publish","type":"page","link":"https:\/\/www.naturafrig.com.br\/zh\/naturafrig\/","title":{"rendered":"\u5173\u4e8e\u6211\u4eec"},"content":{"rendered":"<p>Naturafrig \u98df\u54c1 \u5728\u725b\u8089\u751f\u4ea7\u9886\u57df\u5df2\u6df1\u8015\u8d85\u8fc730\u5e74, <strong>Naturafrig Alimentos<\/strong> \u662f\u4e00\u5bb6\u7eaf\u5df4\u897f\u4f01\u4e1a\uff0c\u5728\u5168\u7403\u86cb\u767d\u8d28\u5e02\u573a\u5360\u636e\u91cd\u8981\u5730\u4f4d\u3002<\/p>\n<p>\u516c\u53f8\u5728\u5723\u4fdd\u7f57\u5dde\u3001\u9a6c\u6258\u683c\u7f57\u7d22\u5dde\u548c\u5357\u9a6c\u6258\u683c\u7f57\u7d22\u5dde\u62e5\u6709\u56db\u5bb6\u6218\u7565\u5e03\u5c40\u7684\u5de5\u5382, <strong>Naturafrig<\/strong> \u662f\u5df4\u897f\u6700\u5927\u7684\u725b\u8089\u751f\u4ea7\u5546\u4e4b\u4e00\uff0c\u521b\u9020\u4e86\u8d85\u8fc7\u56db\u5343\u4e2a\u76f4\u63a5\u5c31\u4e1a\u5c97\u4f4d\u3002<\/p>\n<p>\u516c\u53f8\u81f4\u529b\u4e8e\u8ffd\u6c42\u5353\u8d8a\uff0c\u6301\u7eed\u6295\u5165\u4ee5\u63d0\u5347\u4ea7\u54c1\u7684\u8d28\u91cf\u4e0e\u5b89\u5168\u3002\u5bf9\u521b\u65b0\u548c\u6548\u7387\u7684\u4e0d\u61c8\u4e13\u6ce8\uff0c\u4f7f\u5f97 <strong>Naturafrig<\/strong> \u6210\u529f\u62d3\u5c55\u4e86\u4e1a\u52a1\u7248\u56fe\uff0c\u76ee\u524d\u4ea7\u54c1\u51fa\u53e3\u81f3\u5168\u7403\u56db\u5341\u591a\u4e2a\u56fd\u5bb6\uff0c\u5728\u4e9a\u6d32\u3001\u4e2d\u4e1c\u3001\u6b27\u6d32\u548c\u7f8e\u6d32\u5e02\u573a\u5360\u6709\u91cd\u8981\u4efd\u989d\u3002<\/p>\n<p>\u516c\u53f8\u5e74\u5c60\u5bb0\u80fd\u529b\u8d85\u8fc7\u4e03\u5341\u4e07\u5934\u725b\uff0c\u6708\u4ea7\u91cf\u8fbe\u4e00\u4e07\u4e94\u5343\u5428\u8089\u54c1, <strong>Naturafrig<\/strong> \u4ee5\u5353\u8d8a\u7684\u54c1\u8d28\u6ee1\u8db3\u7740\u56fd\u5185\u4e0e\u56fd\u9645\u5e02\u573a\u7684\u9700\u6c42\u3002<\/p>","protected":false},"excerpt":{"rendered":"<p>Presente h\u00e1 mais de 30 anos no setor de produ\u00e7\u00e3o de carne bovina, a Naturafrig Alimentos \u00e9 uma empresa 100% brasileira, consolidada no mercado global da prote\u00edna. Com quatro unidades industriais estrategicamente localizadas nos estados de S\u00e3o Paulo, Mato Grosso e Mato Grosso do Sul, a Naturafrig est\u00e1 entre os maiores produtores de carne bovina [&hellip;]<\/p>\n","protected":false},"author":1,"featured_media":31,"parent":0,"menu_order":0,"comment_status":"closed","ping_status":"closed","template":"page-about.php","meta":{"_acf_changed":false,"inline_featured_image":false,"footnotes":""},"class_list":["post-12","page","type-page","status-publish","has-post-thumbnail","hentry"],"acf":[],"yoast_head":"<!-- This site is optimized with the Yoast SEO plugin v27.5 - https:\/\/yoast.com\/product\/yoast-seo-wordpress\/ -->\n<title>Quem Somos - Naturafrig Alimentos<\/title>\n<meta name=\"robots\" content=\"index, follow, max-snippet:-1, max-image-preview:large, max-video-preview:-1\" \/>\n<link rel=\"canonical\" href=\"https:\/\/www.naturafrig.com.br\/zh\/naturafrig\/\" \/>\n<meta property=\"og:locale\" content=\"zh_CN\" \/>\n<meta property=\"og:type\" content=\"article\" \/>\n<meta property=\"og:title\" content=\"Quem Somos - Naturafrig Alimentos\" \/>\n<meta property=\"og:description\" content=\"Presente h\u00e1 mais de 30 anos no setor de produ\u00e7\u00e3o de carne bovina, a Naturafrig Alimentos \u00e9 uma empresa 100% brasileira, consolidada no mercado global da prote\u00edna. Com quatro unidades industriais estrategicamente localizadas nos estados de S\u00e3o Paulo, Mato Grosso e Mato Grosso do Sul, a Naturafrig est\u00e1 entre os maiores produtores de carne bovina [&hellip;]\" \/>\n<meta property=\"og:url\" content=\"https:\/\/www.naturafrig.com.br\/zh\/naturafrig\/\" \/>\n<meta property=\"og:site_name\" content=\"Naturafrig Alimentos\" \/>\n<meta property=\"article:publisher\" content=\"https:\/\/www.facebook.com\/naturafrig\/\" \/>\n<meta property=\"article:modified_time\" content=\"2025-11-07T19:02:55+00:00\" \/>\n<meta property=\"og:image\" content=\"https:\/\/www.naturafrig.com.br\/wp-content\/uploads\/2025\/10\/sobre.png\" \/>\n\t<meta property=\"og:image:width\" content=\"639\" \/>\n\t<meta property=\"og:image:height\" content=\"599\" \/>\n\t<meta property=\"og:image:type\" content=\"image\/png\" \/>\n<meta name=\"twitter:card\" content=\"summary_large_image\" \/>\n<meta name=\"twitter:label1\" content=\"\u9884\u8ba1\u9605\u8bfb\u65f6\u95f4\" \/>\n\t<meta name=\"twitter:data1\" content=\"1 \u5206\" \/>\n<script type=\"application\/ld+json\" class=\"yoast-schema-graph\">{\"@context\":\"https:\\\/\\\/schema.org\",\"@graph\":[{\"@type\":\"WebPage\",\"@id\":\"https:\\\/\\\/www.naturafrig.com.br\\\/naturafrig\\\/\",\"url\":\"https:\\\/\\\/www.naturafrig.com.br\\\/naturafrig\\\/\",\"name\":\"Quem Somos - Naturafrig Alimentos\",\"isPartOf\":{\"@id\":\"https:\\\/\\\/www.naturafrig.com.br\\\/#website\"},\"primaryImageOfPage\":{\"@id\":\"https:\\\/\\\/www.naturafrig.com.br\\\/naturafrig\\\/#primaryimage\"},\"image\":{\"@id\":\"https:\\\/\\\/www.naturafrig.com.br\\\/naturafrig\\\/#primaryimage\"},\"thumbnailUrl\":\"https:\\\/\\\/www.naturafrig.com.br\\\/wp-content\\\/uploads\\\/2025\\\/10\\\/sobre.png\",\"datePublished\":\"2024-10-05T17:51:21+00:00\",\"dateModified\":\"2025-11-07T19:02:55+00:00\",\"breadcrumb\":{\"@id\":\"https:\\\/\\\/www.naturafrig.com.br\\\/naturafrig\\\/#breadcrumb\"},\"inLanguage\":\"zh-Hans\",\"potentialAction\":[{\"@type\":\"ReadAction\",\"target\":[\"https:\\\/\\\/www.naturafrig.com.br\\\/naturafrig\\\/\"]}]},{\"@type\":\"ImageObject\",\"inLanguage\":\"zh-Hans\",\"@id\":\"https:\\\/\\\/www.naturafrig.com.br\\\/naturafrig\\\/#primaryimage\",\"url\":\"https:\\\/\\\/www.naturafrig.com.br\\\/wp-content\\\/uploads\\\/2025\\\/10\\\/sobre.png\",\"contentUrl\":\"https:\\\/\\\/www.naturafrig.com.br\\\/wp-content\\\/uploads\\\/2025\\\/10\\\/sobre.png\",\"width\":639,\"height\":599},{\"@type\":\"BreadcrumbList\",\"@id\":\"https:\\\/\\\/www.naturafrig.com.br\\\/naturafrig\\\/#breadcrumb\",\"itemListElement\":[{\"@type\":\"ListItem\",\"position\":1,\"name\":\"In\u00edcio\",\"item\":\"https:\\\/\\\/www.naturafrig.com.br\\\/\"},{\"@type\":\"ListItem\",\"position\":2,\"name\":\"Quem Somos\"}]},{\"@type\":\"WebSite\",\"@id\":\"https:\\\/\\\/www.naturafrig.com.br\\\/#website\",\"url\":\"https:\\\/\\\/www.naturafrig.com.br\\\/\",\"name\":\"Naturafrig Alimentos\",\"description\":\"Qualidade em cada corte!\",\"publisher\":{\"@id\":\"https:\\\/\\\/www.naturafrig.com.br\\\/#organization\"},\"potentialAction\":[{\"@type\":\"SearchAction\",\"target\":{\"@type\":\"EntryPoint\",\"urlTemplate\":\"https:\\\/\\\/www.naturafrig.com.br\\\/?s={search_term_string}\"},\"query-input\":{\"@type\":\"PropertyValueSpecification\",\"valueRequired\":true,\"valueName\":\"search_term_string\"}}],\"inLanguage\":\"zh-Hans\"},{\"@type\":\"Organization\",\"@id\":\"https:\\\/\\\/www.naturafrig.com.br\\\/#organization\",\"name\":\"Naturafrig Alimentos\",\"url\":\"https:\\\/\\\/www.naturafrig.com.br\\\/\",\"logo\":{\"@type\":\"ImageObject\",\"inLanguage\":\"zh-Hans\",\"@id\":\"https:\\\/\\\/www.naturafrig.com.br\\\/#\\\/schema\\\/logo\\\/image\\\/\",\"url\":\"https:\\\/\\\/www.naturafrig.com.br\\\/wp-content\\\/uploads\\\/2025\\\/11\\\/logo_naturafrig.png\",\"contentUrl\":\"https:\\\/\\\/www.naturafrig.com.br\\\/wp-content\\\/uploads\\\/2025\\\/11\\\/logo_naturafrig.png\",\"width\":450,\"height\":220,\"caption\":\"Naturafrig Alimentos\"},\"image\":{\"@id\":\"https:\\\/\\\/www.naturafrig.com.br\\\/#\\\/schema\\\/logo\\\/image\\\/\"},\"sameAs\":[\"https:\\\/\\\/www.facebook.com\\\/naturafrig\\\/\"]}]}<\/script>\n<!-- \/ Yoast SEO plugin. -->","yoast_head_json":{"title":"Quem Somos - Naturafrig Alimentos","robots":{"index":"index","follow":"follow","max-snippet":"max-snippet:-1","max-image-preview":"max-image-preview:large","max-video-preview":"max-video-preview:-1"},"canonical":"https:\/\/www.naturafrig.com.br\/zh\/naturafrig\/","og_locale":"zh_CN","og_type":"article","og_title":"Quem Somos - Naturafrig Alimentos","og_description":"Presente h\u00e1 mais de 30 anos no setor de produ\u00e7\u00e3o de carne bovina, a Naturafrig Alimentos \u00e9 uma empresa 100% brasileira, consolidada no mercado global da prote\u00edna. Com quatro unidades industriais estrategicamente localizadas nos estados de S\u00e3o Paulo, Mato Grosso e Mato Grosso do Sul, a Naturafrig est\u00e1 entre os maiores produtores de carne bovina [&hellip;]","og_url":"https:\/\/www.naturafrig.com.br\/zh\/naturafrig\/","og_site_name":"Naturafrig Alimentos","article_publisher":"https:\/\/www.facebook.com\/naturafrig\/","article_modified_time":"2025-11-07T19:02:55+00:00","og_image":[{"width":639,"height":599,"url":"https:\/\/www.naturafrig.com.br\/wp-content\/uploads\/2025\/10\/sobre.png","type":"image\/png"}],"twitter_card":"summary_large_image","twitter_misc":{"\u9884\u8ba1\u9605\u8bfb\u65f6\u95f4":"1 \u5206"},"schema":{"@context":"https:\/\/schema.org","@graph":[{"@type":"WebPage","@id":"https:\/\/www.naturafrig.com.br\/naturafrig\/","url":"https:\/\/www.naturafrig.com.br\/naturafrig\/","name":"Quem Somos - Naturafrig Alimentos","isPartOf":{"@id":"https:\/\/www.naturafrig.com.br\/#website"},"primaryImageOfPage":{"@id":"https:\/\/www.naturafrig.com.br\/naturafrig\/#primaryimage"},"image":{"@id":"https:\/\/www.naturafrig.com.br\/naturafrig\/#primaryimage"},"thumbnailUrl":"https:\/\/www.naturafrig.com.br\/wp-content\/uploads\/2025\/10\/sobre.png","datePublished":"2024-10-05T17:51:21+00:00","dateModified":"2025-11-07T19:02:55+00:00","breadcrumb":{"@id":"https:\/\/www.naturafrig.com.br\/naturafrig\/#breadcrumb"},"inLanguage":"zh-Hans","potentialAction":[{"@type":"ReadAction","target":["https:\/\/www.naturafrig.com.br\/naturafrig\/"]}]},{"@type":"ImageObject","inLanguage":"zh-Hans","@id":"https:\/\/www.naturafrig.com.br\/naturafrig\/#primaryimage","url":"https:\/\/www.naturafrig.com.br\/wp-content\/uploads\/2025\/10\/sobre.png","contentUrl":"https:\/\/www.naturafrig.com.br\/wp-content\/uploads\/2025\/10\/sobre.png","width":639,"height":599},{"@type":"BreadcrumbList","@id":"https:\/\/www.naturafrig.com.br\/naturafrig\/#breadcrumb","itemListElement":[{"@type":"ListItem","position":1,"name":"In\u00edcio","item":"https:\/\/www.naturafrig.com.br\/"},{"@type":"ListItem","position":2,"name":"Quem Somos"}]},{"@type":"WebSite","@id":"https:\/\/www.naturafrig.com.br\/#website","url":"https:\/\/www.naturafrig.com.br\/","name":"Naturafrig Alimentos","description":"Qualidade em cada corte!","publisher":{"@id":"https:\/\/www.naturafrig.com.br\/#organization"},"potentialAction":[{"@type":"SearchAction","target":{"@type":"EntryPoint","urlTemplate":"https:\/\/www.naturafrig.com.br\/?s={search_term_string}"},"query-input":{"@type":"PropertyValueSpecification","valueRequired":true,"valueName":"search_term_string"}}],"inLanguage":"zh-Hans"},{"@type":"Organization","@id":"https:\/\/www.naturafrig.com.br\/#organization","name":"Naturafrig Alimentos","url":"https:\/\/www.naturafrig.com.br\/","logo":{"@type":"ImageObject","inLanguage":"zh-Hans","@id":"https:\/\/www.naturafrig.com.br\/#\/schema\/logo\/image\/","url":"https:\/\/www.naturafrig.com.br\/wp-content\/uploads\/2025\/11\/logo_naturafrig.png","contentUrl":"https:\/\/www.naturafrig.com.br\/wp-content\/uploads\/2025\/11\/logo_naturafrig.png","width":450,"height":220,"caption":"Naturafrig Alimentos"},"image":{"@id":"https:\/\/www.naturafrig.com.br\/#\/schema\/logo\/image\/"},"sameAs":["https:\/\/www.facebook.com\/naturafrig\/"]}]}},"_links":{"self":[{"href":"https:\/\/www.naturafrig.com.br\/zh\/wp-json\/wp\/v2\/pages\/12","targetHints":{"allow":["GET"]}}],"collection":[{"href":"https:\/\/www.naturafrig.com.br\/zh\/wp-json\/wp\/v2\/pages"}],"about":[{"href":"https:\/\/www.naturafrig.com.br\/zh\/wp-json\/wp\/v2\/types\/page"}],"author":[{"embeddable":true,"href":"https:\/\/www.naturafrig.com.br\/zh\/wp-json\/wp\/v2\/users\/1"}],"replies":[{"embeddable":true,"href":"https:\/\/www.naturafrig.com.br\/zh\/wp-json\/wp\/v2\/comments?post=12"}],"version-history":[{"count":3,"href":"https:\/\/www.naturafrig.com.br\/zh\/wp-json\/wp\/v2\/pages\/12\/revisions"}],"predecessor-version":[{"id":33,"href":"https:\/\/www.naturafrig.com.br\/zh\/wp-json\/wp\/v2\/pages\/12\/revisions\/33"}],"wp:featuredmedia":[{"embeddable":true,"href":"https:\/\/www.naturafrig.com.br\/zh\/wp-json\/wp\/v2\/media\/31"}],"wp:attachment":[{"href":"https:\/\/www.naturafrig.com.br\/zh\/wp-json\/wp\/v2\/media?parent=12"}],"curies":[{"name":"wp","href":"https:\/\/api.w.org\/{rel}","templated":true}]}}