{"id":12403,"date":"2025-11-11T10:19:43","date_gmt":"2025-11-11T13:19:43","guid":{"rendered":"https:\/\/www.naturafrig.com.br\/?page_id=12403"},"modified":"2026-01-15T11:30:32","modified_gmt":"2026-01-15T14:30:32","slug":"transparencia-esg","status":"publish","type":"page","link":"https:\/\/www.naturafrig.com.br\/zh\/sustentabilidade\/transparencia-esg\/","title":{"rendered":"Transpar\u00eancia ESG"},"content":{"rendered":"<p>Com o prop\u00f3sito de dar transpar\u00eancia \u00e0s nossas a\u00e7\u00f5es, publicamos abaixo relat\u00f3rios e pol\u00edticas que refor\u00e7am nossa atua\u00e7\u00e3o respons\u00e1vel e alinhada \u00e0s pr\u00e1ticas ESG. Nosso objetivo \u00e9 promover a confian\u00e7a, o respeito e a evolu\u00e7\u00e3o cont\u00ednua em dire\u00e7\u00e3o a uma sociedade mais justa, equilibrada e sustent\u00e1vel.<\/p>\n<div class=\"btn-toolbar b-block justify-content-center mb-2\" role=\"toolbar\" aria-label=\"Toolbar with button groups\"><a class=\"btn-group btn btn-dark mb-2 mr-2\" href=\"https:\/\/www.naturafrig.com.br\/wp-content\/uploads\/2025\/11\/Relato\u0301rio-de-Transparencia-e-igualdade-salarial-2o-semestre-2025.pdf\" target=\"_blank\" rel=\"noopener\">Relato\u0301rio de Transparencia e igualdade salarial<\/a> <a class=\"btn-group btn btn-dark mr-2\" href=\"https:\/\/www.naturafrig.com.br\/wp-content\/uploads\/2025\/11\/Poli\u0301tica-de-Prevenc\u0327a\u0303o-e-Combate-ao-Trabalho-Infantil-e-Trabalho-Ana\u0301logo-a\u0300-Escravida\u0303o.pdf\" target=\"_blank\" rel=\"noopener\">Poli\u0301tica de Prevenc\u0327a\u0303o e Combate ao Trabalho Infantil e Trabalho Ana\u0301logo a\u0300 Escravida\u0303o<\/a><\/div>\n<div class=\"btn-toolbar d-block justify-content-center mb-2\" role=\"toolbar\" aria-label=\"Toolbar with button groups\"><a class=\"btn-group btn btn-dark mr-2\" href=\"https:\/\/www.naturafrig.com.br\/wp-content\/uploads\/2025\/11\/Poli\u0301tica-de-Liberdade-Sindical.docx\" target=\"_blank\" rel=\"noopener\">Poli\u0301tica de Liberdade Sindical<\/a> <a class=\"btn-group btn btn-dark mr-2\" href=\"https:\/\/www.naturafrig.com.br\/wp-content\/uploads\/2026\/03\/code_of_ethics-naturafrig-alimentos-ltda-CN-Chen-V1-T_ch.pdf\" target=\"_blank\" rel=\"noopener\">\u9053\u5fb7\u4e0e\u884c\u4e3a\u51c6\u5219<\/a><\/div>","protected":false},"excerpt":{"rendered":"<p>Com o prop\u00f3sito de dar transpar\u00eancia \u00e0s nossas a\u00e7\u00f5es, publicamos abaixo relat\u00f3rios e pol\u00edticas que refor\u00e7am nossa atua\u00e7\u00e3o respons\u00e1vel e alinhada \u00e0s pr\u00e1ticas ESG. Nosso objetivo \u00e9 promover a confian\u00e7a, o respeito e a evolu\u00e7\u00e3o cont\u00ednua em dire\u00e7\u00e3o a uma sociedade mais justa, equilibrada e sustent\u00e1vel. Relato\u0301rio de Transparencia e igualdade salarial Poli\u0301tica de Prevenc\u0327a\u0303o [&hellip;]<\/p>\n","protected":false},"author":1,"featured_media":0,"parent":2,"menu_order":2,"comment_status":"closed","ping_status":"closed","template":"page-sustentabilidade.php","meta":{"_acf_changed":false,"inline_featured_image":false,"footnotes":""},"class_list":["post-12403","page","type-page","status-publish","hentry"],"acf":[],"yoast_head":"<!-- This site is optimized with the Yoast SEO plugin v27.4 - https:\/\/yoast.com\/product\/yoast-seo-wordpress\/ -->\n<title>Transpar\u00eancia ESG - Naturafrig Alimentos<\/title>\n<meta name=\"robots\" content=\"index, follow, max-snippet:-1, max-image-preview:large, max-video-preview:-1\" \/>\n<link rel=\"canonical\" href=\"https:\/\/www.naturafrig.com.br\/zh\/sustentabilidade\/transparencia-esg\/\" \/>\n<meta property=\"og:locale\" content=\"zh_CN\" \/>\n<meta property=\"og:type\" content=\"article\" \/>\n<meta property=\"og:title\" content=\"Transpar\u00eancia ESG - Naturafrig Alimentos\" \/>\n<meta property=\"og:description\" content=\"Com o prop\u00f3sito de dar transpar\u00eancia \u00e0s nossas a\u00e7\u00f5es, publicamos abaixo relat\u00f3rios e pol\u00edticas que refor\u00e7am nossa atua\u00e7\u00e3o respons\u00e1vel e alinhada \u00e0s pr\u00e1ticas ESG. Nosso objetivo \u00e9 promover a confian\u00e7a, o respeito e a evolu\u00e7\u00e3o cont\u00ednua em dire\u00e7\u00e3o a uma sociedade mais justa, equilibrada e sustent\u00e1vel. Relato\u0301rio de Transparencia e igualdade salarial Poli\u0301tica de Prevenc\u0327a\u0303o [&hellip;]\" \/>\n<meta property=\"og:url\" content=\"https:\/\/www.naturafrig.com.br\/zh\/sustentabilidade\/transparencia-esg\/\" \/>\n<meta property=\"og:site_name\" content=\"Naturafrig Alimentos\" \/>\n<meta property=\"article:publisher\" content=\"https:\/\/www.facebook.com\/naturafrig\/\" \/>\n<meta property=\"article:modified_time\" content=\"2026-01-15T14:30:32+00:00\" \/>\n<meta name=\"twitter:card\" content=\"summary_large_image\" \/>\n<meta name=\"twitter:label1\" content=\"\u9884\u8ba1\u9605\u8bfb\u65f6\u95f4\" \/>\n\t<meta name=\"twitter:data1\" content=\"1 \u5206\" \/>\n<script type=\"application\/ld+json\" class=\"yoast-schema-graph\">{\"@context\":\"https:\\\/\\\/schema.org\",\"@graph\":[{\"@type\":\"WebPage\",\"@id\":\"https:\\\/\\\/www.naturafrig.com.br\\\/sustentabilidade\\\/transparencia-esg\\\/\",\"url\":\"https:\\\/\\\/www.naturafrig.com.br\\\/sustentabilidade\\\/transparencia-esg\\\/\",\"name\":\"Transpar\u00eancia ESG - Naturafrig Alimentos\",\"isPartOf\":{\"@id\":\"https:\\\/\\\/www.naturafrig.com.br\\\/#website\"},\"datePublished\":\"2025-11-11T13:19:43+00:00\",\"dateModified\":\"2026-01-15T14:30:32+00:00\",\"breadcrumb\":{\"@id\":\"https:\\\/\\\/www.naturafrig.com.br\\\/sustentabilidade\\\/transparencia-esg\\\/#breadcrumb\"},\"inLanguage\":\"zh-Hans\",\"potentialAction\":[{\"@type\":\"ReadAction\",\"target\":[\"https:\\\/\\\/www.naturafrig.com.br\\\/sustentabilidade\\\/transparencia-esg\\\/\"]}]},{\"@type\":\"BreadcrumbList\",\"@id\":\"https:\\\/\\\/www.naturafrig.com.br\\\/sustentabilidade\\\/transparencia-esg\\\/#breadcrumb\",\"itemListElement\":[{\"@type\":\"ListItem\",\"position\":1,\"name\":\"In\u00edcio\",\"item\":\"https:\\\/\\\/www.naturafrig.com.br\\\/\"},{\"@type\":\"ListItem\",\"position\":2,\"name\":\"Sustentabilidade\",\"item\":\"https:\\\/\\\/www.naturafrig.com.br\\\/sustentabilidade\\\/\"},{\"@type\":\"ListItem\",\"position\":3,\"name\":\"Transpar\u00eancia ESG\"}]},{\"@type\":\"WebSite\",\"@id\":\"https:\\\/\\\/www.naturafrig.com.br\\\/#website\",\"url\":\"https:\\\/\\\/www.naturafrig.com.br\\\/\",\"name\":\"Naturafrig Alimentos\",\"description\":\"Qualidade em cada corte!\",\"publisher\":{\"@id\":\"https:\\\/\\\/www.naturafrig.com.br\\\/#organization\"},\"potentialAction\":[{\"@type\":\"SearchAction\",\"target\":{\"@type\":\"EntryPoint\",\"urlTemplate\":\"https:\\\/\\\/www.naturafrig.com.br\\\/?s={search_term_string}\"},\"query-input\":{\"@type\":\"PropertyValueSpecification\",\"valueRequired\":true,\"valueName\":\"search_term_string\"}}],\"inLanguage\":\"zh-Hans\"},{\"@type\":\"Organization\",\"@id\":\"https:\\\/\\\/www.naturafrig.com.br\\\/#organization\",\"name\":\"Naturafrig Alimentos\",\"url\":\"https:\\\/\\\/www.naturafrig.com.br\\\/\",\"logo\":{\"@type\":\"ImageObject\",\"inLanguage\":\"zh-Hans\",\"@id\":\"https:\\\/\\\/www.naturafrig.com.br\\\/#\\\/schema\\\/logo\\\/image\\\/\",\"url\":\"https:\\\/\\\/www.naturafrig.com.br\\\/wp-content\\\/uploads\\\/2025\\\/11\\\/logo_naturafrig.png\",\"contentUrl\":\"https:\\\/\\\/www.naturafrig.com.br\\\/wp-content\\\/uploads\\\/2025\\\/11\\\/logo_naturafrig.png\",\"width\":450,\"height\":220,\"caption\":\"Naturafrig Alimentos\"},\"image\":{\"@id\":\"https:\\\/\\\/www.naturafrig.com.br\\\/#\\\/schema\\\/logo\\\/image\\\/\"},\"sameAs\":[\"https:\\\/\\\/www.facebook.com\\\/naturafrig\\\/\"]}]}<\/script>\n<!-- \/ Yoast SEO plugin. -->","yoast_head_json":{"title":"Transpar\u00eancia ESG - Naturafrig Alimentos","robots":{"index":"index","follow":"follow","max-snippet":"max-snippet:-1","max-image-preview":"max-image-preview:large","max-video-preview":"max-video-preview:-1"},"canonical":"https:\/\/www.naturafrig.com.br\/zh\/sustentabilidade\/transparencia-esg\/","og_locale":"zh_CN","og_type":"article","og_title":"Transpar\u00eancia ESG - Naturafrig Alimentos","og_description":"Com o prop\u00f3sito de dar transpar\u00eancia \u00e0s nossas a\u00e7\u00f5es, publicamos abaixo relat\u00f3rios e pol\u00edticas que refor\u00e7am nossa atua\u00e7\u00e3o respons\u00e1vel e alinhada \u00e0s pr\u00e1ticas ESG. Nosso objetivo \u00e9 promover a confian\u00e7a, o respeito e a evolu\u00e7\u00e3o cont\u00ednua em dire\u00e7\u00e3o a uma sociedade mais justa, equilibrada e sustent\u00e1vel. Relato\u0301rio de Transparencia e igualdade salarial Poli\u0301tica de Prevenc\u0327a\u0303o [&hellip;]","og_url":"https:\/\/www.naturafrig.com.br\/zh\/sustentabilidade\/transparencia-esg\/","og_site_name":"Naturafrig Alimentos","article_publisher":"https:\/\/www.facebook.com\/naturafrig\/","article_modified_time":"2026-01-15T14:30:32+00:00","twitter_card":"summary_large_image","twitter_misc":{"\u9884\u8ba1\u9605\u8bfb\u65f6\u95f4":"1 \u5206"},"schema":{"@context":"https:\/\/schema.org","@graph":[{"@type":"WebPage","@id":"https:\/\/www.naturafrig.com.br\/sustentabilidade\/transparencia-esg\/","url":"https:\/\/www.naturafrig.com.br\/sustentabilidade\/transparencia-esg\/","name":"Transpar\u00eancia ESG - Naturafrig Alimentos","isPartOf":{"@id":"https:\/\/www.naturafrig.com.br\/#website"},"datePublished":"2025-11-11T13:19:43+00:00","dateModified":"2026-01-15T14:30:32+00:00","breadcrumb":{"@id":"https:\/\/www.naturafrig.com.br\/sustentabilidade\/transparencia-esg\/#breadcrumb"},"inLanguage":"zh-Hans","potentialAction":[{"@type":"ReadAction","target":["https:\/\/www.naturafrig.com.br\/sustentabilidade\/transparencia-esg\/"]}]},{"@type":"BreadcrumbList","@id":"https:\/\/www.naturafrig.com.br\/sustentabilidade\/transparencia-esg\/#breadcrumb","itemListElement":[{"@type":"ListItem","position":1,"name":"In\u00edcio","item":"https:\/\/www.naturafrig.com.br\/"},{"@type":"ListItem","position":2,"name":"Sustentabilidade","item":"https:\/\/www.naturafrig.com.br\/sustentabilidade\/"},{"@type":"ListItem","position":3,"name":"Transpar\u00eancia ESG"}]},{"@type":"WebSite","@id":"https:\/\/www.naturafrig.com.br\/#website","url":"https:\/\/www.naturafrig.com.br\/","name":"Naturafrig Alimentos","description":"Qualidade em cada corte!","publisher":{"@id":"https:\/\/www.naturafrig.com.br\/#organization"},"potentialAction":[{"@type":"SearchAction","target":{"@type":"EntryPoint","urlTemplate":"https:\/\/www.naturafrig.com.br\/?s={search_term_string}"},"query-input":{"@type":"PropertyValueSpecification","valueRequired":true,"valueName":"search_term_string"}}],"inLanguage":"zh-Hans"},{"@type":"Organization","@id":"https:\/\/www.naturafrig.com.br\/#organization","name":"Naturafrig Alimentos","url":"https:\/\/www.naturafrig.com.br\/","logo":{"@type":"ImageObject","inLanguage":"zh-Hans","@id":"https:\/\/www.naturafrig.com.br\/#\/schema\/logo\/image\/","url":"https:\/\/www.naturafrig.com.br\/wp-content\/uploads\/2025\/11\/logo_naturafrig.png","contentUrl":"https:\/\/www.naturafrig.com.br\/wp-content\/uploads\/2025\/11\/logo_naturafrig.png","width":450,"height":220,"caption":"Naturafrig Alimentos"},"image":{"@id":"https:\/\/www.naturafrig.com.br\/#\/schema\/logo\/image\/"},"sameAs":["https:\/\/www.facebook.com\/naturafrig\/"]}]}},"_links":{"self":[{"href":"https:\/\/www.naturafrig.com.br\/zh\/wp-json\/wp\/v2\/pages\/12403","targetHints":{"allow":["GET"]}}],"collection":[{"href":"https:\/\/www.naturafrig.com.br\/zh\/wp-json\/wp\/v2\/pages"}],"about":[{"href":"https:\/\/www.naturafrig.com.br\/zh\/wp-json\/wp\/v2\/types\/page"}],"author":[{"embeddable":true,"href":"https:\/\/www.naturafrig.com.br\/zh\/wp-json\/wp\/v2\/users\/1"}],"replies":[{"embeddable":true,"href":"https:\/\/www.naturafrig.com.br\/zh\/wp-json\/wp\/v2\/comments?post=12403"}],"version-history":[{"count":21,"href":"https:\/\/www.naturafrig.com.br\/zh\/wp-json\/wp\/v2\/pages\/12403\/revisions"}],"predecessor-version":[{"id":12733,"href":"https:\/\/www.naturafrig.com.br\/zh\/wp-json\/wp\/v2\/pages\/12403\/revisions\/12733"}],"up":[{"embeddable":true,"href":"https:\/\/www.naturafrig.com.br\/zh\/wp-json\/wp\/v2\/pages\/2"}],"wp:attachment":[{"href":"https:\/\/www.naturafrig.com.br\/zh\/wp-json\/wp\/v2\/media?parent=12403"}],"curies":[{"name":"wp","href":"https:\/\/api.w.org\/{rel}","templated":true}]}}