{"id":12578,"date":"2025-11-18T17:18:22","date_gmt":"2025-11-18T20:18:22","guid":{"rendered":"https:\/\/www.naturafrig.com.br\/?page_id=12578"},"modified":"2025-11-18T17:18:22","modified_gmt":"2025-11-18T20:18:22","slug":"solicitacao-de-dados-dos-titulares","status":"publish","type":"page","link":"https:\/\/www.naturafrig.com.br\/zh\/solicitacao-de-dados-dos-titulares\/","title":{"rendered":"\u6570\u636e\u4e3b\u4f53\u8bf7\u6c42"},"content":{"rendered":"<div class=\"wpcf7 no-js\" id=\"wpcf7-f12579-o1\" lang=\"pt-BR\" dir=\"ltr\" data-wpcf7-id=\"12579\">\n<div class=\"screen-reader-response\"><p role=\"status\" aria-live=\"polite\" aria-atomic=\"true\"><\/p> <ul><\/ul><\/div>\n<form action=\"\/zh\/wp-json\/wp\/v2\/pages\/12578#wpcf7-f12579-o1\" method=\"post\" class=\"wpcf7-form init\" aria-label=\"Formul\u00e1rios de contato\" novalidate=\"novalidate\" data-status=\"init\" data-trp-original-action=\"\/zh\/wp-json\/wp\/v2\/pages\/12578#wpcf7-f12579-o1\">\n<fieldset class=\"hidden-fields-container\"><input type=\"hidden\" name=\"_wpcf7\" value=\"12579\" \/><input type=\"hidden\" name=\"_wpcf7_version\" value=\"6.1.5\" \/><input type=\"hidden\" name=\"_wpcf7_locale\" value=\"pt_BR\" \/><input type=\"hidden\" name=\"_wpcf7_unit_tag\" value=\"wpcf7-f12579-o1\" \/><input type=\"hidden\" name=\"_wpcf7_container_post\" value=\"0\" \/><input type=\"hidden\" name=\"_wpcf7_posted_data_hash\" value=\"\" \/>\n<\/fieldset>\n<div class=\"form-group\">\n\t<div class=\"form-controls\">\n\t\t<p><label>Finalidade:<\/label><span class=\"wpcf7-form-control-wrap\" data-name=\"finalidade\"><select class=\"wpcf7-form-control wpcf7-select wpcf7-validates-as-required form-control form-control-lg\" aria-required=\"true\" aria-invalid=\"false\" name=\"finalidade\"><option value=\"Gest\u00e3o do Consentimento;\">Gest\u00e3o do Consentimento;<\/option><option value=\"Solicita\u00e7\u00e3o de Acesso\/Corre\u00e7\u00e3o de Dados Incompletos, inexatos ou Desatualizados;\">Solicita\u00e7\u00e3o de Acesso\/Corre\u00e7\u00e3o de Dados Incompletos, inexatos ou Desatualizados;<\/option><option value=\"Solicita\u00e7\u00e3o de Anonimiza\u00e7\u00e3o, Bloqueioou Elimina\u00e7\u00e3o dos Dados Desnecess\u00e1rios;\">Solicita\u00e7\u00e3o de Anonimiza\u00e7\u00e3o, Bloqueioou Elimina\u00e7\u00e3o dos Dados Desnecess\u00e1rios;<\/option><option value=\"Solicita\u00e7\u00e3o de Confirma\u00e7\u00e3o da Exist\u00eancia de Tratamento;\">Solicita\u00e7\u00e3o de Confirma\u00e7\u00e3o da Exist\u00eancia de Tratamento;<\/option><option value=\"Solicita\u00e7\u00e3o de elimina\u00e7\u00e3o dos dados pessoais;\">Solicita\u00e7\u00e3o de elimina\u00e7\u00e3o dos dados pessoais;<\/option><option value=\"Solicita\u00e7\u00e3o de Informa\u00e7\u00f5es Compartilhadas sobre decis\u00f5es automatizadas;\">Solicita\u00e7\u00e3o de Informa\u00e7\u00f5es Compartilhadas sobre decis\u00f5es automatizadas;<\/option><option value=\"Solicita\u00e7\u00e3o de portabilidade dos Dados;\">Solicita\u00e7\u00e3o de portabilidade dos Dados;<\/option><\/select><\/span>\n\t\t<\/p>\n\t<\/div>\n<\/div>\n<div class=\"form-group\">\n\t<div class=\"form-controls\">\n\t\t<p><label>Nome:<\/label><span class=\"wpcf7-form-control-wrap\" data-name=\"your-name\"><input size=\"40\" maxlength=\"400\" class=\"wpcf7-form-control wpcf7-text wpcf7-validates-as-required form-control form-control-lg\" aria-required=\"true\" aria-invalid=\"false\" value=\"\" type=\"text\" name=\"your-name\" \/><\/span>\n\t\t<\/p>\n\t<\/div>\n<\/div>\n<div class=\"form-group\">\n\t<div class=\"form-controls\">\n\t\t<p><label>CPF:<\/label><span class=\"wpcf7-form-control-wrap\" data-name=\"cpf\"><input size=\"40\" maxlength=\"400\" class=\"wpcf7-form-control wpcf7-text wpcf7-validates-as-required form-control cpf form-control-lg\" aria-required=\"true\" aria-invalid=\"false\" value=\"\" type=\"text\" name=\"cpf\" \/><\/span>\n\t\t<\/p>\n\t<\/div>\n<\/div>\n<div class=\"form-group\">\n\t<div class=\"form-controls\">\n\t\t<p><label>Telefone:<\/label><span class=\"wpcf7-form-control-wrap\" data-name=\"telefone\"><input size=\"40\" maxlength=\"400\" class=\"wpcf7-form-control wpcf7-text wpcf7-validates-as-required fone form-control form-control-lg\" aria-required=\"true\" aria-invalid=\"false\" value=\"\" type=\"text\" name=\"telefone\" \/><\/span>\n\t\t<\/p>\n\t<\/div>\n<\/div>\n<div class=\"form-group\">\n\t<div class=\"form-controls\">\n\t\t<p><label>Email:<\/label><span class=\"wpcf7-form-control-wrap\" data-name=\"your-email\"><input size=\"40\" maxlength=\"400\" class=\"wpcf7-form-control wpcf7-email wpcf7-validates-as-required wpcf7-text wpcf7-validates-as-email form-control form-control-lg\" aria-required=\"true\" aria-invalid=\"false\" value=\"\" type=\"email\" name=\"your-email\" \/><\/span>\n\t\t<\/p>\n\t<\/div>\n<\/div>\n<div class=\"form-group\">\n\t<div class=\"form-controls\">\n\t\t<p><label>Mensagem:<\/label><span class=\"wpcf7-form-control-wrap\" data-name=\"your-message\"><textarea cols=\"40\" rows=\"10\" maxlength=\"2000\" class=\"wpcf7-form-control wpcf7-textarea form-control form-control-lg\" aria-invalid=\"false\" name=\"your-message\"><\/textarea><\/span>\n\t\t<\/p>\n\t<\/div>\n<\/div>\n<div class=\"form-group col-md-12\">\n\t<div class=\"form-check\">\n\t\t<p><input class=\"form-check-input\" required=\"\" type=\"checkbox\" value=\"\" id=\"flexCheckDefault\" \/><label class=\"form-check-label\" for=\"flexCheckDefault\">Ao informar meus dados, eu concordo com a <a target=\"_blank\" class=\"text-warning font-weight-bold\" href=\"https:\/\/www.naturafrig.com.br\/zh\/politica-de-privacidade\/\">\u9690\u79c1\u653f\u7b56<\/a> e com os <a class=\"text-warning font-weight-bold\" target=\"_blank\" href=\"https:\/\/www.naturafrig.com.br\/zh\/termos-de-uso\/\">Termos de Uso<\/a>.<\/label>\n\t\t<\/p>\n\t<\/div>\n<\/div>\n<div class=\"form-group\">\n\t<p><input class=\"wpcf7-form-control wpcf7-submit has-spinner btn btn-one\" id=\"btnsubmit\" type=\"submit\" value=\"Enviar\" \/>\n\t<\/p>\n<\/div><div class=\"wpcf7-response-output\" aria-hidden=\"true\"><\/div>\n<input type=\"hidden\" name=\"trp-form-language\" value=\"zh\"\/><\/form>\n<\/div>","protected":false},"excerpt":{"rendered":"","protected":false},"author":1,"featured_media":0,"parent":0,"menu_order":0,"comment_status":"closed","ping_status":"closed","template":"page-politica-privacidade.php","meta":{"_acf_changed":false,"inline_featured_image":false,"footnotes":""},"class_list":["post-12578","page","type-page","status-publish","hentry"],"acf":[],"yoast_head":"<!-- This site is optimized with the Yoast SEO plugin v27.5 - https:\/\/yoast.com\/product\/yoast-seo-wordpress\/ -->\n<title>Solicita\u00e7\u00e3o de dados dos titulares - Naturafrig Alimentos<\/title>\n<meta name=\"robots\" content=\"index, follow, max-snippet:-1, max-image-preview:large, max-video-preview:-1\" \/>\n<link rel=\"canonical\" href=\"https:\/\/www.naturafrig.com.br\/zh\/solicitacao-de-dados-dos-titulares\/\" \/>\n<meta property=\"og:locale\" content=\"zh_CN\" \/>\n<meta property=\"og:type\" content=\"article\" \/>\n<meta property=\"og:title\" content=\"Solicita\u00e7\u00e3o de dados dos titulares - Naturafrig Alimentos\" \/>\n<meta property=\"og:url\" content=\"https:\/\/www.naturafrig.com.br\/zh\/solicitacao-de-dados-dos-titulares\/\" \/>\n<meta property=\"og:site_name\" content=\"Naturafrig Alimentos\" \/>\n<meta property=\"article:publisher\" content=\"https:\/\/www.facebook.com\/naturafrig\/\" \/>\n<meta name=\"twitter:card\" content=\"summary_large_image\" \/>\n<script type=\"application\/ld+json\" class=\"yoast-schema-graph\">{\"@context\":\"https:\\\/\\\/schema.org\",\"@graph\":[{\"@type\":\"WebPage\",\"@id\":\"https:\\\/\\\/www.naturafrig.com.br\\\/solicitacao-de-dados-dos-titulares\\\/\",\"url\":\"https:\\\/\\\/www.naturafrig.com.br\\\/solicitacao-de-dados-dos-titulares\\\/\",\"name\":\"Solicita\u00e7\u00e3o de dados dos titulares - Naturafrig Alimentos\",\"isPartOf\":{\"@id\":\"https:\\\/\\\/www.naturafrig.com.br\\\/#website\"},\"datePublished\":\"2025-11-18T20:18:22+00:00\",\"breadcrumb\":{\"@id\":\"https:\\\/\\\/www.naturafrig.com.br\\\/solicitacao-de-dados-dos-titulares\\\/#breadcrumb\"},\"inLanguage\":\"zh-Hans\",\"potentialAction\":[{\"@type\":\"ReadAction\",\"target\":[\"https:\\\/\\\/www.naturafrig.com.br\\\/solicitacao-de-dados-dos-titulares\\\/\"]}]},{\"@type\":\"BreadcrumbList\",\"@id\":\"https:\\\/\\\/www.naturafrig.com.br\\\/solicitacao-de-dados-dos-titulares\\\/#breadcrumb\",\"itemListElement\":[{\"@type\":\"ListItem\",\"position\":1,\"name\":\"In\u00edcio\",\"item\":\"https:\\\/\\\/www.naturafrig.com.br\\\/\"},{\"@type\":\"ListItem\",\"position\":2,\"name\":\"Solicita\u00e7\u00e3o de dados dos titulares\"}]},{\"@type\":\"WebSite\",\"@id\":\"https:\\\/\\\/www.naturafrig.com.br\\\/#website\",\"url\":\"https:\\\/\\\/www.naturafrig.com.br\\\/\",\"name\":\"Naturafrig Alimentos\",\"description\":\"Qualidade em cada corte!\",\"publisher\":{\"@id\":\"https:\\\/\\\/www.naturafrig.com.br\\\/#organization\"},\"potentialAction\":[{\"@type\":\"SearchAction\",\"target\":{\"@type\":\"EntryPoint\",\"urlTemplate\":\"https:\\\/\\\/www.naturafrig.com.br\\\/?s={search_term_string}\"},\"query-input\":{\"@type\":\"PropertyValueSpecification\",\"valueRequired\":true,\"valueName\":\"search_term_string\"}}],\"inLanguage\":\"zh-Hans\"},{\"@type\":\"Organization\",\"@id\":\"https:\\\/\\\/www.naturafrig.com.br\\\/#organization\",\"name\":\"Naturafrig Alimentos\",\"url\":\"https:\\\/\\\/www.naturafrig.com.br\\\/\",\"logo\":{\"@type\":\"ImageObject\",\"inLanguage\":\"zh-Hans\",\"@id\":\"https:\\\/\\\/www.naturafrig.com.br\\\/#\\\/schema\\\/logo\\\/image\\\/\",\"url\":\"https:\\\/\\\/www.naturafrig.com.br\\\/wp-content\\\/uploads\\\/2025\\\/11\\\/logo_naturafrig.png\",\"contentUrl\":\"https:\\\/\\\/www.naturafrig.com.br\\\/wp-content\\\/uploads\\\/2025\\\/11\\\/logo_naturafrig.png\",\"width\":450,\"height\":220,\"caption\":\"Naturafrig Alimentos\"},\"image\":{\"@id\":\"https:\\\/\\\/www.naturafrig.com.br\\\/#\\\/schema\\\/logo\\\/image\\\/\"},\"sameAs\":[\"https:\\\/\\\/www.facebook.com\\\/naturafrig\\\/\"]}]}<\/script>\n<!-- \/ Yoast SEO plugin. -->","yoast_head_json":{"title":"Solicita\u00e7\u00e3o de dados dos titulares - Naturafrig Alimentos","robots":{"index":"index","follow":"follow","max-snippet":"max-snippet:-1","max-image-preview":"max-image-preview:large","max-video-preview":"max-video-preview:-1"},"canonical":"https:\/\/www.naturafrig.com.br\/zh\/solicitacao-de-dados-dos-titulares\/","og_locale":"zh_CN","og_type":"article","og_title":"Solicita\u00e7\u00e3o de dados dos titulares - Naturafrig Alimentos","og_url":"https:\/\/www.naturafrig.com.br\/zh\/solicitacao-de-dados-dos-titulares\/","og_site_name":"Naturafrig Alimentos","article_publisher":"https:\/\/www.facebook.com\/naturafrig\/","twitter_card":"summary_large_image","schema":{"@context":"https:\/\/schema.org","@graph":[{"@type":"WebPage","@id":"https:\/\/www.naturafrig.com.br\/solicitacao-de-dados-dos-titulares\/","url":"https:\/\/www.naturafrig.com.br\/solicitacao-de-dados-dos-titulares\/","name":"Solicita\u00e7\u00e3o de dados dos titulares - Naturafrig Alimentos","isPartOf":{"@id":"https:\/\/www.naturafrig.com.br\/#website"},"datePublished":"2025-11-18T20:18:22+00:00","breadcrumb":{"@id":"https:\/\/www.naturafrig.com.br\/solicitacao-de-dados-dos-titulares\/#breadcrumb"},"inLanguage":"zh-Hans","potentialAction":[{"@type":"ReadAction","target":["https:\/\/www.naturafrig.com.br\/solicitacao-de-dados-dos-titulares\/"]}]},{"@type":"BreadcrumbList","@id":"https:\/\/www.naturafrig.com.br\/solicitacao-de-dados-dos-titulares\/#breadcrumb","itemListElement":[{"@type":"ListItem","position":1,"name":"In\u00edcio","item":"https:\/\/www.naturafrig.com.br\/"},{"@type":"ListItem","position":2,"name":"Solicita\u00e7\u00e3o de dados dos titulares"}]},{"@type":"WebSite","@id":"https:\/\/www.naturafrig.com.br\/#website","url":"https:\/\/www.naturafrig.com.br\/","name":"Naturafrig Alimentos","description":"Qualidade em cada corte!","publisher":{"@id":"https:\/\/www.naturafrig.com.br\/#organization"},"potentialAction":[{"@type":"SearchAction","target":{"@type":"EntryPoint","urlTemplate":"https:\/\/www.naturafrig.com.br\/?s={search_term_string}"},"query-input":{"@type":"PropertyValueSpecification","valueRequired":true,"valueName":"search_term_string"}}],"inLanguage":"zh-Hans"},{"@type":"Organization","@id":"https:\/\/www.naturafrig.com.br\/#organization","name":"Naturafrig Alimentos","url":"https:\/\/www.naturafrig.com.br\/","logo":{"@type":"ImageObject","inLanguage":"zh-Hans","@id":"https:\/\/www.naturafrig.com.br\/#\/schema\/logo\/image\/","url":"https:\/\/www.naturafrig.com.br\/wp-content\/uploads\/2025\/11\/logo_naturafrig.png","contentUrl":"https:\/\/www.naturafrig.com.br\/wp-content\/uploads\/2025\/11\/logo_naturafrig.png","width":450,"height":220,"caption":"Naturafrig Alimentos"},"image":{"@id":"https:\/\/www.naturafrig.com.br\/#\/schema\/logo\/image\/"},"sameAs":["https:\/\/www.facebook.com\/naturafrig\/"]}]}},"_links":{"self":[{"href":"https:\/\/www.naturafrig.com.br\/zh\/wp-json\/wp\/v2\/pages\/12578","targetHints":{"allow":["GET"]}}],"collection":[{"href":"https:\/\/www.naturafrig.com.br\/zh\/wp-json\/wp\/v2\/pages"}],"about":[{"href":"https:\/\/www.naturafrig.com.br\/zh\/wp-json\/wp\/v2\/types\/page"}],"author":[{"embeddable":true,"href":"https:\/\/www.naturafrig.com.br\/zh\/wp-json\/wp\/v2\/users\/1"}],"replies":[{"embeddable":true,"href":"https:\/\/www.naturafrig.com.br\/zh\/wp-json\/wp\/v2\/comments?post=12578"}],"version-history":[{"count":1,"href":"https:\/\/www.naturafrig.com.br\/zh\/wp-json\/wp\/v2\/pages\/12578\/revisions"}],"predecessor-version":[{"id":12580,"href":"https:\/\/www.naturafrig.com.br\/zh\/wp-json\/wp\/v2\/pages\/12578\/revisions\/12580"}],"wp:attachment":[{"href":"https:\/\/www.naturafrig.com.br\/zh\/wp-json\/wp\/v2\/media?parent=12578"}],"curies":[{"name":"wp","href":"https:\/\/api.w.org\/{rel}","templated":true}]}}