{"id":15,"date":"2024-10-05T17:31:54","date_gmt":"2024-10-05T20:31:54","guid":{"rendered":"https:\/\/www.naturafrig.com.br\/?page_id=15"},"modified":"2026-02-04T10:24:28","modified_gmt":"2026-02-04T13:24:28","slug":"trabalhe-conosco","status":"publish","type":"page","link":"https:\/\/www.naturafrig.com.br\/zh\/trabalhe-conosco\/","title":{"rendered":"\u62db\u8d24\u7eb3\u58eb"},"content":{"rendered":"<p>\u52a0\u5165 Naturafrig \u98df\u54c1\u610f\u5473\u7740\u6210\u4e3a\u5df4\u897f\u6700\u5927\u7684\u8089\u7c7b\u52a0\u5de5\u4f01\u4e1a\u4e4b\u4e00\uff0c\u5e76\u83b7\u5f97\u63a8\u52a8\u60a8\u804c\u4e1a\u53d1\u5c55\u7684\u673a\u4f1a\u3002\u5728\u8fd9\u91cc\uff0c\u60a8\u6709\u673a\u4f1a\u83b7\u53d6\u77e5\u8bc6\u3001\u62d3\u5c55\u6280\u80fd\uff0c\u5e76\u9762\u5bf9\u90a3\u4e9b\u5c06\u5851\u9020\u60a8\u4e13\u4e1a\u5f62\u8c61\u7684\u5168\u65b0\u6311\u6218\u3002<\/p>\n<p>\u6211\u4eec\u91c7\u53d6\u534f\u4f5c\u5f0f\u7684\u5de5\u4f5c\u65b9\u5f0f\uff0c\u5728\u4e00\u4e2a\u91cd\u89c6\u65e5\u5e38\u6001\u5ea6\u3001\u9f13\u52b1\u4e2a\u4eba\u6210\u957f\u7684\u73af\u5883\u4e2d\uff0c\u4e0e\u60a8\u5171\u540c\u8fdb\u6b65\u3002<\/p>\n<p>&nbsp;<\/p>","protected":false},"excerpt":{"rendered":"<p>Trabalhar na Naturafrig Alimentos significa fazer parte de um dos maiores frigor\u00edficos do Pa\u00eds, tendo a oportunidade de impulsionar o avan\u00e7o de sua carreira. Aqui voc\u00ea tem a chance de adquirir conhecimento e expandir suas habilidades, enfrentando desafios que ir\u00e3o moldar seu perfil profissional. Adotamos uma abordagem colaborativa, incentivando o crescimento pessoal em um ambiente [&hellip;]<\/p>\n","protected":false},"author":1,"featured_media":12381,"parent":0,"menu_order":0,"comment_status":"closed","ping_status":"closed","template":"page-work.php","meta":{"_acf_changed":false,"inline_featured_image":false,"footnotes":""},"class_list":["post-15","page","type-page","status-publish","has-post-thumbnail","hentry"],"acf":[],"yoast_head":"<!-- This site is optimized with the Yoast SEO plugin v27.5 - https:\/\/yoast.com\/product\/yoast-seo-wordpress\/ -->\n<title>Trabalhe Conosco - Naturafrig Alimentos<\/title>\n<meta name=\"robots\" content=\"index, follow, max-snippet:-1, max-image-preview:large, max-video-preview:-1\" \/>\n<link rel=\"canonical\" href=\"https:\/\/www.naturafrig.com.br\/zh\/trabalhe-conosco\/\" \/>\n<meta property=\"og:locale\" content=\"zh_CN\" \/>\n<meta property=\"og:type\" content=\"article\" \/>\n<meta property=\"og:title\" content=\"Trabalhe Conosco - Naturafrig Alimentos\" \/>\n<meta property=\"og:description\" content=\"Trabalhar na Naturafrig Alimentos significa fazer parte de um dos maiores frigor\u00edficos do Pa\u00eds, tendo a oportunidade de impulsionar o avan\u00e7o de sua carreira. Aqui voc\u00ea tem a chance de adquirir conhecimento e expandir suas habilidades, enfrentando desafios que ir\u00e3o moldar seu perfil profissional. Adotamos uma abordagem colaborativa, incentivando o crescimento pessoal em um ambiente [&hellip;]\" \/>\n<meta property=\"og:url\" content=\"https:\/\/www.naturafrig.com.br\/zh\/trabalhe-conosco\/\" \/>\n<meta property=\"og:site_name\" content=\"Naturafrig Alimentos\" \/>\n<meta property=\"article:publisher\" content=\"https:\/\/www.facebook.com\/naturafrig\/\" \/>\n<meta property=\"article:modified_time\" content=\"2026-02-04T13:24:28+00:00\" \/>\n<meta property=\"og:image\" content=\"https:\/\/www.naturafrig.com.br\/wp-content\/uploads\/2025\/11\/trabalhe.png\" \/>\n\t<meta property=\"og:image:width\" content=\"614\" \/>\n\t<meta property=\"og:image:height\" content=\"614\" \/>\n\t<meta property=\"og:image:type\" content=\"image\/png\" \/>\n<meta name=\"twitter:card\" content=\"summary_large_image\" \/>\n<meta name=\"twitter:label1\" content=\"\u9884\u8ba1\u9605\u8bfb\u65f6\u95f4\" \/>\n\t<meta name=\"twitter:data1\" content=\"1 \u5206\" \/>\n<script type=\"application\/ld+json\" class=\"yoast-schema-graph\">{\"@context\":\"https:\\\/\\\/schema.org\",\"@graph\":[{\"@type\":\"WebPage\",\"@id\":\"https:\\\/\\\/www.naturafrig.com.br\\\/trabalhe-conosco\\\/\",\"url\":\"https:\\\/\\\/www.naturafrig.com.br\\\/trabalhe-conosco\\\/\",\"name\":\"Trabalhe Conosco - Naturafrig Alimentos\",\"isPartOf\":{\"@id\":\"https:\\\/\\\/www.naturafrig.com.br\\\/#website\"},\"primaryImageOfPage\":{\"@id\":\"https:\\\/\\\/www.naturafrig.com.br\\\/trabalhe-conosco\\\/#primaryimage\"},\"image\":{\"@id\":\"https:\\\/\\\/www.naturafrig.com.br\\\/trabalhe-conosco\\\/#primaryimage\"},\"thumbnailUrl\":\"https:\\\/\\\/www.naturafrig.com.br\\\/wp-content\\\/uploads\\\/2025\\\/11\\\/trabalhe.png\",\"datePublished\":\"2024-10-05T20:31:54+00:00\",\"dateModified\":\"2026-02-04T13:24:28+00:00\",\"breadcrumb\":{\"@id\":\"https:\\\/\\\/www.naturafrig.com.br\\\/trabalhe-conosco\\\/#breadcrumb\"},\"inLanguage\":\"zh-Hans\",\"potentialAction\":[{\"@type\":\"ReadAction\",\"target\":[\"https:\\\/\\\/www.naturafrig.com.br\\\/trabalhe-conosco\\\/\"]}]},{\"@type\":\"ImageObject\",\"inLanguage\":\"zh-Hans\",\"@id\":\"https:\\\/\\\/www.naturafrig.com.br\\\/trabalhe-conosco\\\/#primaryimage\",\"url\":\"https:\\\/\\\/www.naturafrig.com.br\\\/wp-content\\\/uploads\\\/2025\\\/11\\\/trabalhe.png\",\"contentUrl\":\"https:\\\/\\\/www.naturafrig.com.br\\\/wp-content\\\/uploads\\\/2025\\\/11\\\/trabalhe.png\",\"width\":614,\"height\":614},{\"@type\":\"BreadcrumbList\",\"@id\":\"https:\\\/\\\/www.naturafrig.com.br\\\/trabalhe-conosco\\\/#breadcrumb\",\"itemListElement\":[{\"@type\":\"ListItem\",\"position\":1,\"name\":\"In\u00edcio\",\"item\":\"https:\\\/\\\/www.naturafrig.com.br\\\/\"},{\"@type\":\"ListItem\",\"position\":2,\"name\":\"Trabalhe Conosco\"}]},{\"@type\":\"WebSite\",\"@id\":\"https:\\\/\\\/www.naturafrig.com.br\\\/#website\",\"url\":\"https:\\\/\\\/www.naturafrig.com.br\\\/\",\"name\":\"Naturafrig Alimentos\",\"description\":\"Qualidade em cada corte!\",\"publisher\":{\"@id\":\"https:\\\/\\\/www.naturafrig.com.br\\\/#organization\"},\"potentialAction\":[{\"@type\":\"SearchAction\",\"target\":{\"@type\":\"EntryPoint\",\"urlTemplate\":\"https:\\\/\\\/www.naturafrig.com.br\\\/?s={search_term_string}\"},\"query-input\":{\"@type\":\"PropertyValueSpecification\",\"valueRequired\":true,\"valueName\":\"search_term_string\"}}],\"inLanguage\":\"zh-Hans\"},{\"@type\":\"Organization\",\"@id\":\"https:\\\/\\\/www.naturafrig.com.br\\\/#organization\",\"name\":\"Naturafrig Alimentos\",\"url\":\"https:\\\/\\\/www.naturafrig.com.br\\\/\",\"logo\":{\"@type\":\"ImageObject\",\"inLanguage\":\"zh-Hans\",\"@id\":\"https:\\\/\\\/www.naturafrig.com.br\\\/#\\\/schema\\\/logo\\\/image\\\/\",\"url\":\"https:\\\/\\\/www.naturafrig.com.br\\\/wp-content\\\/uploads\\\/2025\\\/11\\\/logo_naturafrig.png\",\"contentUrl\":\"https:\\\/\\\/www.naturafrig.com.br\\\/wp-content\\\/uploads\\\/2025\\\/11\\\/logo_naturafrig.png\",\"width\":450,\"height\":220,\"caption\":\"Naturafrig Alimentos\"},\"image\":{\"@id\":\"https:\\\/\\\/www.naturafrig.com.br\\\/#\\\/schema\\\/logo\\\/image\\\/\"},\"sameAs\":[\"https:\\\/\\\/www.facebook.com\\\/naturafrig\\\/\"]}]}<\/script>\n<!-- \/ Yoast SEO plugin. -->","yoast_head_json":{"title":"Trabalhe Conosco - Naturafrig Alimentos","robots":{"index":"index","follow":"follow","max-snippet":"max-snippet:-1","max-image-preview":"max-image-preview:large","max-video-preview":"max-video-preview:-1"},"canonical":"https:\/\/www.naturafrig.com.br\/zh\/trabalhe-conosco\/","og_locale":"zh_CN","og_type":"article","og_title":"Trabalhe Conosco - Naturafrig Alimentos","og_description":"Trabalhar na Naturafrig Alimentos significa fazer parte de um dos maiores frigor\u00edficos do Pa\u00eds, tendo a oportunidade de impulsionar o avan\u00e7o de sua carreira. Aqui voc\u00ea tem a chance de adquirir conhecimento e expandir suas habilidades, enfrentando desafios que ir\u00e3o moldar seu perfil profissional. Adotamos uma abordagem colaborativa, incentivando o crescimento pessoal em um ambiente [&hellip;]","og_url":"https:\/\/www.naturafrig.com.br\/zh\/trabalhe-conosco\/","og_site_name":"Naturafrig Alimentos","article_publisher":"https:\/\/www.facebook.com\/naturafrig\/","article_modified_time":"2026-02-04T13:24:28+00:00","og_image":[{"width":614,"height":614,"url":"https:\/\/www.naturafrig.com.br\/wp-content\/uploads\/2025\/11\/trabalhe.png","type":"image\/png"}],"twitter_card":"summary_large_image","twitter_misc":{"\u9884\u8ba1\u9605\u8bfb\u65f6\u95f4":"1 \u5206"},"schema":{"@context":"https:\/\/schema.org","@graph":[{"@type":"WebPage","@id":"https:\/\/www.naturafrig.com.br\/trabalhe-conosco\/","url":"https:\/\/www.naturafrig.com.br\/trabalhe-conosco\/","name":"Trabalhe Conosco - Naturafrig Alimentos","isPartOf":{"@id":"https:\/\/www.naturafrig.com.br\/#website"},"primaryImageOfPage":{"@id":"https:\/\/www.naturafrig.com.br\/trabalhe-conosco\/#primaryimage"},"image":{"@id":"https:\/\/www.naturafrig.com.br\/trabalhe-conosco\/#primaryimage"},"thumbnailUrl":"https:\/\/www.naturafrig.com.br\/wp-content\/uploads\/2025\/11\/trabalhe.png","datePublished":"2024-10-05T20:31:54+00:00","dateModified":"2026-02-04T13:24:28+00:00","breadcrumb":{"@id":"https:\/\/www.naturafrig.com.br\/trabalhe-conosco\/#breadcrumb"},"inLanguage":"zh-Hans","potentialAction":[{"@type":"ReadAction","target":["https:\/\/www.naturafrig.com.br\/trabalhe-conosco\/"]}]},{"@type":"ImageObject","inLanguage":"zh-Hans","@id":"https:\/\/www.naturafrig.com.br\/trabalhe-conosco\/#primaryimage","url":"https:\/\/www.naturafrig.com.br\/wp-content\/uploads\/2025\/11\/trabalhe.png","contentUrl":"https:\/\/www.naturafrig.com.br\/wp-content\/uploads\/2025\/11\/trabalhe.png","width":614,"height":614},{"@type":"BreadcrumbList","@id":"https:\/\/www.naturafrig.com.br\/trabalhe-conosco\/#breadcrumb","itemListElement":[{"@type":"ListItem","position":1,"name":"In\u00edcio","item":"https:\/\/www.naturafrig.com.br\/"},{"@type":"ListItem","position":2,"name":"Trabalhe Conosco"}]},{"@type":"WebSite","@id":"https:\/\/www.naturafrig.com.br\/#website","url":"https:\/\/www.naturafrig.com.br\/","name":"Naturafrig Alimentos","description":"Qualidade em cada corte!","publisher":{"@id":"https:\/\/www.naturafrig.com.br\/#organization"},"potentialAction":[{"@type":"SearchAction","target":{"@type":"EntryPoint","urlTemplate":"https:\/\/www.naturafrig.com.br\/?s={search_term_string}"},"query-input":{"@type":"PropertyValueSpecification","valueRequired":true,"valueName":"search_term_string"}}],"inLanguage":"zh-Hans"},{"@type":"Organization","@id":"https:\/\/www.naturafrig.com.br\/#organization","name":"Naturafrig Alimentos","url":"https:\/\/www.naturafrig.com.br\/","logo":{"@type":"ImageObject","inLanguage":"zh-Hans","@id":"https:\/\/www.naturafrig.com.br\/#\/schema\/logo\/image\/","url":"https:\/\/www.naturafrig.com.br\/wp-content\/uploads\/2025\/11\/logo_naturafrig.png","contentUrl":"https:\/\/www.naturafrig.com.br\/wp-content\/uploads\/2025\/11\/logo_naturafrig.png","width":450,"height":220,"caption":"Naturafrig Alimentos"},"image":{"@id":"https:\/\/www.naturafrig.com.br\/#\/schema\/logo\/image\/"},"sameAs":["https:\/\/www.facebook.com\/naturafrig\/"]}]}},"_links":{"self":[{"href":"https:\/\/www.naturafrig.com.br\/zh\/wp-json\/wp\/v2\/pages\/15","targetHints":{"allow":["GET"]}}],"collection":[{"href":"https:\/\/www.naturafrig.com.br\/zh\/wp-json\/wp\/v2\/pages"}],"about":[{"href":"https:\/\/www.naturafrig.com.br\/zh\/wp-json\/wp\/v2\/types\/page"}],"author":[{"embeddable":true,"href":"https:\/\/www.naturafrig.com.br\/zh\/wp-json\/wp\/v2\/users\/1"}],"replies":[{"embeddable":true,"href":"https:\/\/www.naturafrig.com.br\/zh\/wp-json\/wp\/v2\/comments?post=15"}],"version-history":[{"count":4,"href":"https:\/\/www.naturafrig.com.br\/zh\/wp-json\/wp\/v2\/pages\/15\/revisions"}],"predecessor-version":[{"id":12762,"href":"https:\/\/www.naturafrig.com.br\/zh\/wp-json\/wp\/v2\/pages\/15\/revisions\/12762"}],"wp:featuredmedia":[{"embeddable":true,"href":"https:\/\/www.naturafrig.com.br\/zh\/wp-json\/wp\/v2\/media\/12381"}],"wp:attachment":[{"href":"https:\/\/www.naturafrig.com.br\/zh\/wp-json\/wp\/v2\/media?parent=15"}],"curies":[{"name":"wp","href":"https:\/\/api.w.org\/{rel}","templated":true}]}}