{"id":3,"date":"2024-08-16T11:02:05","date_gmt":"2024-08-16T14:02:05","guid":{"rendered":"https:\/\/www.naturafrig.com.br\/?page_id=3"},"modified":"2025-11-18T17:23:35","modified_gmt":"2025-11-18T20:23:35","slug":"politica-de-privacidade","status":"publish","type":"page","link":"https:\/\/www.naturafrig.com.br\/zh\/politica-de-privacidade\/","title":{"rendered":"\u9690\u79c1\u653f\u7b56"},"content":{"rendered":"<p><\/p>\r\n<h4 class=\"wp-block-heading\">Naturafrig \u9690\u79c1\u653f\u7b56<\/h4>\r\n<p class=\"s5\">Naturafrig \u672c\u7740\u5bf9\u5176\u5458\u5de5\u3001\u4f9b\u5e94\u5546\u3001\u5408\u4f5c\u4f19\u4f34\u3001\u8fd0\u8f93\u65b9\u3001\u670d\u52a1\u63d0\u4f9b\u5546\u53ca\u5ba2\u6237\u7684\u5b8c\u5168\u900f\u660e\u4e0e\u5c0a\u91cd\uff0c\u7279\u6b64\u516c\u5e03\u672c\u00a0<span class=\"s4\">\u9690\u79c1\u653f\u7b56<\/span>\u00a0\u65e8\u5728\u544a\u77e5\u6211\u4eec\u5982\u4f55\u6309\u7167\u300a\u901a\u7528\u4e2a\u4eba\u6570\u636e\u4fdd\u62a4\u6cd5\u300b\uff08\u7b2c 13.709\/2018 \u53f7\u6cd5\u5f8b -\u901a\u7528\u6578\u64da\u4fdd\u8b77\u6cd5\uff09\u53ca\u9002\u7528\u4e8e\u5c60\u5bb0\u52a0\u5de5\u884c\u4e1a\u7684\u5176\u4ed6\u6cd5\u5f8b\u6cd5\u89c4\uff0c\u5904\u7406\u5728\u5176\u4e1a\u52a1\u6d3b\u52a8\u4e2d\u6536\u96c6\u7684\u4e2a\u4eba\u6570\u636e\u3002\u00a0<span class=\"s4\">Lei Geral de Prote\u00e7\u00e3o de Dados Pessoais (Lei n\u00ba 13.709\/2018 \u2013 LGPD)<\/span>\u00a0e demais legisla\u00e7\u00f5es aplic\u00e1veis ao setor frigor\u00edfico.<\/p>\r\n<h4 class=\"s8 fw-bold my-3 font-weight-bold\"><a name=\"_m727w041cr3t\"><\/a><span class=\"s7\">1.\u76ee\u7684<\/span><\/h4>\r\n<p class=\"s5\">\u672c\u653f\u7b56\u7684\u76ee\u7684\u662f\u9610\u660e Naturafrig \u5982\u4f55\u6536\u96c6\u3001\u4f7f\u7528\u3001\u5b58\u50a8\u3001\u5171\u4eab\u548c\u4fdd\u62a4\u4e2a\u4eba\u6570\u636e\uff0c\u786e\u4fdd\u900f\u660e\u5ea6\u3001\u5b89\u5168\u6027\u4ee5\u53ca\u6570\u636e\u4e3b\u4f53\u6743\u5229\u7684\u884c\u4f7f\u3002<\/p>\r\n<h4 class=\"s8 fw-bold my-3 font-weight-bold\"><a name=\"_gtw9iwjn2wvp\"><\/a><span class=\"s7\">2.\u9002\u7528\u8303\u56f4<\/span><\/h4>\r\n<p class=\"s5\">\u672c\u653f\u7b56\u9002\u7528\u4e8e Naturafrig \u5904\u7406\u7684\u6240\u6709\u4e2a\u4eba\u6570\u636e\uff0c\u6db5\u76d6\u5458\u5de5\u3001\u804c\u4f4d\u5019\u9009\u4eba\u3001\u4f9b\u5e94\u5546\u3001\u670d\u52a1\u63d0\u4f9b\u5546\u3001\u8fd0\u8f93\u65b9\u3001\u5546\u4e1a\u4f19\u4f34\u3001\u8bbf\u5ba2\u3001\u5ba2\u6237\u53ca\u4e0e\u516c\u53f8\u5b58\u5728\u5173\u7cfb\u7684\u5176\u4ed6\u81ea\u7136\u4eba\u3002<\/p>\r\n<h4 class=\"s8 fw-bold my-3 font-weight-bold\"><a name=\"_v31wpjmhi66s\"><\/a><span class=\"s7\">3.\u5b9a\u4e49<\/span><\/h4>\r\n<p class=\"s5\">\u4e3a\u672c\u653f\u7b56\u4e4b\u76ee\u7684\uff0c\u91c7\u7528\u4ee5\u4e0b\u5b9a\u4e49\uff1a<\/p>\r\n<div class=\"s10\"><span class=\"s9\">1.\u00a0<\/span><span class=\"s4\">\u6570\u636e\u4e3b\u4f53<\/span>\u00a0\u5176\u4e2a\u4eba\u6570\u636e\u88ab Naturafrig \u5904\u7406\u7684\u81ea\u7136\u4eba\u3002<\/div>\r\n<div class=\"s11\"><span class=\"s9\">2.\u00a0<\/span><span class=\"s4\">\u7b2c\u4e09\u65b9<\/span>\u00a0\u2013 \u4e0e Naturafrig \u4e92\u52a8\u7684\u5916\u90e8\u5404\u65b9\uff0c\u5305\u62ec\u4f9b\u5e94\u5546\u3001\u670d\u52a1\u63d0\u4f9b\u5546\u3001\u8fd0\u8f93\u65b9\u3001\u5ba2\u6237\u3001\u5546\u4e1a\u4f19\u4f34\u53ca\u5176\u4ed6\u53ef\u8bbf\u95ee\u4e2a\u4eba\u6570\u636e\u7684\u5b9e\u4f53\u3002<\/div>\r\n<div class=\"s11\"><span class=\"s9\">3.\u00a0<\/span><span class=\"s4\">\u4e2a\u4eba\u6570\u636e<\/span>\u00a0\u2013 \u4e0e\u5df2\u8bc6\u522b\u6216\u53ef\u8bc6\u522b\u7684\u81ea\u7136\u4eba\u76f8\u5173\u7684\u4efb\u4f55\u4fe1\u606f\uff0c\u5982\u59d3\u540d\u3001\u500b\u4eba\u7d0d\u7a05\u767b\u8a18\u865f \u3001\u5df4\u897f\u806f\u90a6\u7a05\u52d9\u8b58\u5225\u78bc\u3001\u5730\u5740\u3001\u7535\u8bdd\u3001\u7535\u5b50\u90ae\u4ef6\u3001\u94f6\u884c\u6570\u636e\u7b49\u3002<\/div>\r\n<div class=\"s11\"><span class=\"s9\">4.\u00a0<\/span><span class=\"s4\">\u654f\u611f\u4e2a\u4eba\u6570\u636e<\/span>\u00a0\u2013 \u5173\u4e8e\u79cd\u65cf\u6216\u6c11\u65cf\u51fa\u8eab\u3001\u5b97\u6559\u4fe1\u4ef0\u3001\u653f\u6cbb\u89c2\u70b9\u3001\u5de5\u4f1a\u4f1a\u7c4d\u3001\u5065\u5eb7\u3001\u6027\u751f\u6d3b\u3001\u9057\u4f20\u6216\u751f\u7269\u8bc6\u522b\u6570\u636e\u7684\u4fe1\u606f\u3002<\/div>\r\n<div class=\"s11\"><span class=\"s9\">5.\u00a0<\/span><span class=\"s4\">\u6570\u636e\u5904\u7406<\/span>\u00a0\u2013 \u5bf9\u4e2a\u4eba\u6570\u636e\u6267\u884c\u7684\u6240\u6709\u64cd\u4f5c\uff0c\u5982\u6536\u96c6\u3001\u4ea7\u751f\u3001\u63a5\u6536\u3001\u5206\u7c7b\u3001\u4f7f\u7528\u3001\u8bbf\u95ee\u3001\u590d\u5236\u3001\u4f20\u8f93\u3001\u5206\u53d1\u3001\u5904\u7406\u3001\u5f52\u6863\u3001\u5b58\u50a8\u3001\u5220\u9664\u3001\u8bc4\u4f30\u3001\u63a7\u5236\u6216\u4fee\u6539\u3002<\/div>\r\n<div class=\"s11\"><span class=\"s9\">6.\u00a0<\/span><span class=\"s4\">\u6570\u636e\u4fdd\u62a4\u8d1f\u8d23\u4eba (\u6578\u64da\u4fdd\u8b77\u5b98)<\/span>\u00a0\u2013 \u7531 Naturafrig \u6307\u5b9a\uff0c\u4f5c\u4e3a\u63a7\u5236\u8005\u3001\u6570\u636e\u4e3b\u4f53\u548c\u570b\u5bb6\u6578\u64da\u4fdd\u8b77\u5c40\u4e4b\u95f4\u6c9f\u901a\u6e20\u9053\u7684\u4eba\u5458\u3002<\/div>\r\n<div class=\"s11\"><span class=\"s9\">7.\u00a0<\/span><span class=\"s4\">\u56fd\u5bb6\u6570\u636e\u4fdd\u62a4\u5c40 (\u570b\u5bb6\u6578\u64da\u4fdd\u8b77\u5c40)<\/span>\u00a0\u2013 \u8d1f\u8d23\u76d1\u7763\u3001\u5b9e\u65bd\u548c\u76d1\u7763\u901a\u7528\u6578\u64da\u4fdd\u8b77\u6cd5\u9075\u5b88\u60c5\u51b5\u7684\u673a\u6784\u3002<\/div>\r\n<div class=\"s12\"><span class=\"s9\">8.\u00a0<\/span><span class=\"s4\">\u4fe1\u606f\u5b89\u5168<\/span>\u00a0\u2013 \u65e8\u5728\u4fdd\u62a4\u6570\u636e\u514d\u906d\u672a\u7ecf\u6388\u6743\u7684\u8bbf\u95ee\u3001\u4e22\u5931\u3001\u7834\u574f\u6216\u66f4\u6539\u7684\u6280\u672f\u3001\u884c\u653f\u548c\u7269\u7406\u63aa\u65bd\u3002<\/div>\r\n<h4 class=\"s8 fw-bold my-3 font-weight-bold\"><a name=\"_ev7n6qbf7jz8\"><\/a><span class=\"s7\">4.\u6536\u96c6\u7684\u6570\u636e<\/span><\/h4>\r\n<p class=\"s5\">Naturafrig \u4ec5\u6536\u96c6\u4e3a\u6267\u884c\u4e1a\u52a1\u6d3b\u52a8\u53ca\u5c65\u884c\u6cd5\u5f8b\u6216\u76d1\u7ba1\u4e49\u52a1\u6240\u5fc5\u9700\u7684\u6570\u636e\u3002\u4f8b\u5982\uff1a<\/p>\r\n<div class=\"s10\"><span class=\"s9\">1.\u00a0<\/span><span class=\"s4\">\u540d\u5458\u5de5<\/span>\u5168\u540d\u3001\u8eab\u4efd\u8bc1\u3001\u500b\u4eba\u7d0d\u7a05\u767b\u8a18\u865f\u3001\u9009\u6c11\u8bc1\u3001\u9884\u5907\u5f79\u8bc1\u4e66\uff08\u5982\u9002\u7528\uff09\u3001\u53d7\u629a\u517b\u4eba\u6570\u636e\u3001\u5b66\u5386\u8bc1\u660e\u3001\u5730\u5740\u8bc1\u660e\u3001\u7535\u5b50\u90ae\u4ef6\u5730\u5740\u3001\u570b\u5bb6\u99d5\u99db\u57f7\u7167\u3001\u72af\u7f6a\u8bb0\u5f55\u3001\u5165\u804c\u53ca\u5b9a\u671f\u4f53\u68c0\u3001\u94f6\u884c\u6570\u636e\u3001\u751f\u7269\u8bc6\u522b\u6570\u636e\u3001\u804c\u4e1a\u5065\u5eb7\u4fe1\u606f\u53ca\u89c6\u9891\u76d1\u63a7\u56fe\u50cf\u3002<\/div>\r\n<div class=\"s11\"><span class=\"s9\">2.\u00a0<\/span><span class=\"s4\">\u4f9b\u5e94\u5546\u548c\u670d\u52a1\u63d0\u4f9b\u5546<\/span>: \u59d3\u540d\u3001\u500b\u4eba\u7d0d\u7a05\u767b\u8a18\u865f \u3001\u5df4\u897f\u806f\u90a6\u7a05\u52d9\u8b58\u5225\u78bc\u3001\u8054\u7cfb\u65b9\u5f0f\u3001\u94f6\u884c\u6570\u636e\u3001\u7a0e\u52a1\u548c\u52b3\u5de5\u8bc1\u660e\u3001\u536b\u751f\u8bb0\u5f55\u3002<\/div>\r\n<div class=\"s11\"><span class=\"s9\">3.\u00a0<\/span><span class=\"s4\">\u8fd0\u8f93\u65b9<\/span>: \u59d3\u540d\u3001\u500b\u4eba\u7d0d\u7a05\u767b\u8a18\u865f\u3001\u570b\u5bb6\u99d5\u99db\u57f7\u7167\u3001\u8f66\u724c\u53f7\u3001\u8ddf\u8e2a\u6570\u636e\u3001\u5165\u53e3\/\u51fa\u53e3\u5904\u7684\u89c6\u9891\u76d1\u63a7\u56fe\u50cf\u3002<\/div>\r\n<div class=\"s11\"><span class=\"s9\">4.\u00a0<\/span><span class=\"s4\">\u8bbf\u5ba2<\/span>: \u59d3\u540d\u3001\u500b\u4eba\u7d0d\u7a05\u767b\u8a18\u865f\u3001\u8eab\u4efd\u8bc1\u3001\u5b89\u9632\u6444\u50cf\u5934\u56fe\u50cf\u3002<\/div>\r\n<div class=\"s12\"><span class=\"s9\">5.\u00a0<\/span><span class=\"s4\">\u5ba2\u6237\u548c\u5546\u4e1a\u4f19\u4f34<\/span>: \u59d3\u540d\u3001\u500b\u4eba\u7d0d\u7a05\u767b\u8a18\u865f\u3001\u8054\u7cfb\u4fe1\u606f\u3001\u7a0e\u52a1\u548c\u94f6\u884c\u4fe1\u606f\uff08\u5982\u9002\u7528\uff09\u3002<\/div>\r\n<h4 class=\"s8 fw-bold my-3 font-weight-bold\"><a name=\"_e4uj6opovukw\"><\/a><span class=\"s7\">5.\u5904\u7406\u76ee\u7684<\/span><\/h4>\r\n<p class=\"s5\">\u5904\u7406\u4e2a\u4eba\u6570\u636e\u7528\u4e8e\u5408\u6cd5\u4e14\u7279\u5b9a\u7684\u76ee\u7684\uff0c\u4f8b\u5982\uff1a<\/p>\r\n<div class=\"s10\"><span class=\"s9\">1.\u00a0<\/span>\u5c65\u884c\u6cd5\u5f8b\u548c\u76d1\u7ba1\u4e49\u52a1\uff08\u5305\u62ec\u8fb2\u696d\u53ca\u755c\u7267\u90e8\u548c\u536b\u751f\u673a\u6784\u7684\u8981\u6c42\uff09\u3002<\/div>\r\n<div class=\"s11\"><span class=\"s9\">2.\u00a0<\/span>\u6267\u884c\u5408\u540c\u53ca\u4eba\u529b\u8d44\u6e90\u3001\u7269\u6d41\u3001\u751f\u4ea7\u548c\u9500\u552e\u7b49\u5185\u90e8\u6d41\u7a0b\u3002<\/div>\r\n<div class=\"s11\"><span class=\"s9\">3.\u00a0<\/span>\u786e\u4fdd\u5404\u5355\u4f4d\u7684\u7269\u7406\u548c\u8d22\u4ea7\u5b89\u5168\uff08\u5305\u62ec\u4f7f\u7528\u89c6\u9891\u76d1\u63a7\u548c\u8bbf\u95ee\u63a7\u5236\uff09\u3002<\/div>\r\n<div class=\"s11\"><span class=\"s9\">4.\u00a0<\/span>\u6ee1\u8db3\u53ef\u8ffd\u6eaf\u6027\u3001\u8ba4\u8bc1\u548c\u5ba1\u8ba1\u8981\u6c42\u3002<\/div>\r\n<div class=\"s11\"><span class=\"s9\">5.\u00a0<\/span>\u5904\u7406\u5de5\u8d44\u5355\u3001\u798f\u5229\u548c\u52b3\u5de5\u4e49\u52a1\u3002<\/div>\r\n<div class=\"s11\"><span class=\"s9\">6.\u00a0<\/span>\u5f53\u6536\u96c6\u6d89\u53ca\u81ea\u7136\u4eba\u7684\u6570\u636e\u65f6\uff0c\u9075\u5b88\u8d28\u91cf\u548c\u52a8\u7269\u798f\u5229\u8ba1\u5212\u3002<\/div>\r\n<div class=\"s12\"><span class=\"s9\">7.\u00a0<\/span>\u6ee1\u8db3\u6570\u636e\u4e3b\u4f53\u548c\u570b\u5bb6\u6578\u64da\u4fdd\u8b77\u5c40\u7684\u8bf7\u6c42\u3002<\/div>\r\n<h4 class=\"s8 fw-bold my-3 font-weight-bold\"><a name=\"_gzwpr13kte5z\"><\/a><span class=\"s7\">6.\u6cd5\u5f8b\u4f9d\u636e<\/span><\/h4>\r\n<p class=\"s5\">Naturafrig \u5904\u7406\u4e2a\u4eba\u6570\u636e\u53ef\u57fa\u4e8e\u4ee5\u4e0b\u6cd5\u5f8b\u4f9d\u636e\uff1a<\/p>\r\n<div class=\"s10\"><span class=\"s9\">1.\u00a0<\/span>\u5c65\u884c\u6cd5\u5f8b\u6216\u76d1\u7ba1\u4e49\u52a1\u3002<\/div>\r\n<div class=\"s11\"><span class=\"s9\">2.\u00a0<\/span>\u6267\u884c\u5408\u540c\u6216\u4e0e\u5408\u540c\u76f8\u5173\u7684\u9884\u5907\u7a0b\u5e8f\u3002<\/div>\r\n<div class=\"s11\"><span class=\"s9\">3.\u00a0<\/span>\u5408\u6cd5\u884c\u4f7f\u6743\u5229\u3002<\/div>\r\n<div class=\"s11\"><span class=\"s9\">4.\u00a0<\/span>\u6570\u636e\u4e3b\u4f53\u7684\u540c\u610f\uff08\u5982\u9002\u7528\uff09\u3002<\/div>\r\n<div class=\"s11\"><span class=\"s9\">5.\u00a0<\/span>Naturafrig \u7684\u5408\u6cd5\u5229\u76ca\uff0c\u4f46\u9700\u5c0a\u91cd\u57fa\u672c\u6743\u5229\u548c\u81ea\u7531\u3002<\/div>\r\n<div class=\"s11\"><span class=\"s9\">6.\u00a0<\/span>\u4fdd\u62a4\u6570\u636e\u4e3b\u4f53\u6216\u7b2c\u4e09\u65b9\u7684\u751f\u547d\u548c\u4eba\u8eab\u5b89\u5168\u3002<\/div>\r\n<div class=\"s12\"><span class=\"s9\">7.\u00a0<\/span>\u9884\u9632\u6b3a\u8bc8\u548c\u4fdd\u969c\u7cfb\u7edf\u5b89\u5168\u3002<\/div>\r\n<h4 class=\"s8 fw-bold my-3 font-weight-bold\"><a name=\"_oj7wiabv3szy\"><\/a><span class=\"s7\">7.\u6570\u636e\u5171\u4eab<\/span><\/h4>\r\n<p class=\"s5\">\u6570\u636e\u53ef\u4e0e\u4ee5\u4e0b\u5404\u65b9\u5171\u4eab\uff1a<\/p>\r\n<div class=\"s10\"><span class=\"s9\">1.\u00a0<\/span>\u653f\u5e9c\u53ca\u76d1\u7ba1\u673a\u6784\uff08\u4f8b\u5982\uff1aMAPA\u3001\u8054\u90a6\u7a0e\u52a1\u5c40\u3001\u52b3\u52a8\u90e8\uff09\u3002<\/div>\r\n<div class=\"s11\"><span class=\"s9\">2.\u00a0<\/span>\u5904\u7406\u4ed8\u6b3e\u7684\u91d1\u878d\u673a\u6784\u3002<\/div>\r\n<div class=\"s11\"><span class=\"s9\">3.\u00a0<\/span>\u798f\u5229\u516c\u53f8\uff08\u4f8b\u5982\uff1a\u9910\u996e\u3001\u4ea4\u901a\u3001\u5065\u5eb7\u8ba1\u5212\uff09\u3002<\/div>\r\n<div class=\"s11\"><span class=\"s9\">4.\u00a0<\/span>\u7269\u6d41\u5408\u4f5c\u4f19\u4f34\u548c\u8fd0\u8f93\u516c\u53f8\uff0c\u5728\u5fc5\u8981\u65f6\u7528\u4e8e\u4ea4\u4ed8\u6216\u63d0\u53d6\u8d27\u7269\u3002<\/div>\r\n<div class=\"s11\"><span class=\"s9\">5.\u00a0<\/span>\u4fe1\u606f\u6280\u672f\u670d\u52a1\u548c\u7cfb\u7edf\u652f\u6301\u63d0\u4f9b\u5546\u3002<\/div>\r\n<div class=\"s12\"><span class=\"s9\">6.\u00a0<\/span>\u5ba1\u8ba1\u548c\u8ba4\u8bc1\u516c\u53f8\u3002<\/div>\r\n<p class=\"s5\">\u5171\u4eab\u5c06\u59cb\u7ec8\u9650\u4e8e\u4e3a\u5b9e\u73b0\u6240\u544a\u77e5\u7684\u76ee\u7684\u6240\u5fc5\u9700\u3002<\/p>\r\n<h4 class=\"s8 fw-bold my-3 font-weight-bold\"><a name=\"_zdl6l7cwglt2\"><\/a><span class=\"s7\">8.\u6570\u636e\u4fdd\u7559\u4e0e\u5220\u9664<\/span><\/h4>\r\n<p class=\"s5\">\u4e2a\u4eba\u6570\u636e\u5c06\u88ab\u4fdd\u7559\u81f3\u5b9e\u73b0\u5904\u7406\u76ee\u7684\u6240\u9700\u7684\u65f6\u95f4\uff0c\u6216\u6cd5\u5f8b\u6216\u6cd5\u89c4\u8981\u6c42\u7684\u671f\u9650\u3002\u6b64\u540e\uff0c\u6570\u636e\u5c06\u88ab\u5220\u9664\u6216\u533f\u540d\u5316\uff0c\u9664\u975e\u6cd5\u5f8b\u6216\u76d1\u7ba1\u4e49\u52a1\u5141\u8bb8\u4fdd\u7559\u3002<\/p>\r\n<h4 class=\"s8 fw-bold my-3 font-weight-bold\"><a name=\"_kkpp84ev6dnq\"><\/a><span class=\"s7\">9.\u6570\u636e\u4e3b\u4f53\u7684\u6743\u5229<\/span><\/h4>\r\n<p class=\"s5\">\u6839\u636e LGPD \u7b2c 18 \u6761\uff0c\u6570\u636e\u4e3b\u4f53\u6709\u6743\uff1a<\/p>\r\n<div class=\"s10\"><span class=\"s9\">1.\u00a0<\/span>\u786e\u8ba4\u662f\u5426\u5b58\u5728\u5904\u7406\u3002<\/div>\r\n<div class=\"s11\"><span class=\"s9\">2.\u00a0<\/span>\u8bbf\u95ee\u6570\u636e\u3002<\/div>\r\n<div class=\"s11\"><span class=\"s9\">3.\u00a0<\/span>\u66f4\u6b63\u4e0d\u5b8c\u6574\u3001\u4e0d\u51c6\u786e\u6216\u8fc7\u65f6\u7684\u6570\u636e\u3002<\/div>\r\n<div class=\"s11\"><span class=\"s9\">4.\u00a0<\/span>\u5bf9\u4e0d\u5fc5\u8981\u6216\u8fc7\u591a\u7684\u6570\u636e\u8fdb\u884c\u533f\u540d\u5316\u3001\u5c4f\u853d\u6216\u5220\u9664\u3002<\/div>\r\n<div class=\"s11\"><span class=\"s9\">5.\u00a0<\/span>\u5c06\u6570\u636e\u8f6c\u79fb\u7ed9\u5176\u4ed6\u4f9b\u5e94\u5546\u3002<\/div>\r\n<div class=\"s11\"><span class=\"s9\">6.\u00a0<\/span>\u5728\u9002\u7528\u60c5\u51b5\u4e0b\uff0c\u5220\u9664\u57fa\u4e8e\u540c\u610f\u800c\u5904\u7406\u7684\u6570\u636e\u3002<\/div>\r\n<div class=\"s11\"><span class=\"s9\">7.\u00a0<\/span>\u83b7\u53d6\u6709\u5173\u6570\u636e\u5171\u4eab\u7684\u4fe1\u606f\u3002<\/div>\r\n<div class=\"s11\"><span class=\"s9\">8.\u00a0<\/span>\u88ab\u544a\u77e5\u4e0d\u63d0\u4f9b\u540c\u610f\u7684\u53ef\u80fd\u6027\u53ca\u5176\u540e\u679c\u3002<\/div>\r\n<div class=\"s12\"><span class=\"s9\">9.\u00a0<\/span>\u64a4\u9500\u540c\u610f\u3002<\/div>\r\n<p class=\"s5\">\u53ef\u901a\u8fc7\u672c\u653f\u7b56\u6307\u5b9a\u7684\u6e20\u9053\u63d0\u51fa\u8bf7\u6c42\u3002<\/p>\r\n<h4 class=\"s8 fw-bold my-3 font-weight-bold\"><a name=\"_ytunnlx7fecc\"><\/a><span class=\"s7\">10.\u4fe1\u606f\u5b89\u5168<\/span><\/h4>\r\n<p class=\"s5\">Naturafrig \u91c7\u53d6\u9002\u5f53\u7684\u6280\u672f\u3001\u884c\u653f\u548c\u7269\u7406\u63aa\u65bd\uff0c\u4ee5\u4fdd\u62a4\u4e2a\u4eba\u6570\u636e\u514d\u906d\u672a\u7ecf\u6388\u6743\u7684\u8bbf\u95ee\u3001\u4e0d\u5f53\u4f7f\u7528\u3001\u7be1\u6539\u3001\u4e0d\u5f53\u62ab\u9732\u6216\u7834\u574f\u3002\u8fd9\u4e9b\u63aa\u65bd\u5305\u62ec\uff1a<\/p>\r\n<div class=\"s10\"><span class=\"s9\">1.\u00a0<\/span>\u7269\u7406\u548c\u903b\u8f91\u8bbf\u95ee\u63a7\u5236\u3002<\/div>\r\n<div class=\"s11\"><span class=\"s9\">2.\u00a0<\/span>\u901a\u8fc7\u5b89\u9632\u6444\u50cf\u5934\u8fdb\u884c\u76d1\u63a7\u3002<\/div>\r\n<div class=\"s11\"><span class=\"s9\">3.\u00a0<\/span>\u5bf9\u5458\u5de5\u8fdb\u884c\u826f\u597d\u5b89\u5168\u5b9e\u8df5\u7684\u57f9\u8bad\u3002<\/div>\r\n<div class=\"s12\"><span class=\"s9\">4.\u00a0<\/span>\u4f7f\u7528\u66f4\u65b0\u8f6f\u4ef6\u548c\u5e26\u52a0\u5bc6\u7684\u7cfb\u7edf\u3002<\/div>\r\n<h4 class=\"s8 fw-bold my-3 font-weight-bold\"><a name=\"_q30n83gy6i22\"><\/a><span class=\"s7\">11.\u6570\u636e\u4fdd\u62a4\u8d1f\u8d23\u4eba<\/span><\/h4>\r\n<p class=\"s5\">\u6570\u636e\u4fdd\u62a4\u8d1f\u8d23\u4eba (DPO) \u8d1f\u8d23\u5904\u7406\u6570\u636e\u4e3b\u4f53\u548c ANPD \u7684\u8bf7\u6c42\uff1a<\/p>\r\n<p class=\"s5\"><span class=\"s4\">Roberto Aparecido Ferreira<\/span><span class=\"s4\"><br \/>\r\n<\/span>\u7535\u5b50\u90ae\u4ef6\uff1adpo@naturafrig.com.br<\/p>\r\n<h4 class=\"s8 fw-bold my-3 font-weight-bold\"><a name=\"_xk181gipsc1f\"><\/a><span class=\"s7\">12.\u653f\u7b56\u66f4\u65b0<\/span><\/h4>\r\n<p class=\"s5\">\u672c\u653f\u7b56\u53ef\u80fd\u56e0\u6cd5\u89c4\u53d8\u66f4\u6216 Naturafrig \u8fd0\u8425\u53d8\u5316\u800c\u968f\u65f6\u66f4\u65b0\u3002\u6700\u65b0\u7248\u672c\u5c06\u59cb\u7ec8\u5728\u516c\u53f8\u5b98\u7f51\u4e0a\u63d0\u4f9b\u3002<\/p>\r\n<h4 class=\"s8 fw-bold my-3 font-weight-bold\"><a name=\"_ex4pgf7auey0\"><\/a><span class=\"s7\">13.\u6700\u7ec8\u6761\u6b3e<\/span><\/h4>\r\n<div class=\"s10\"><span class=\"s9\">1.\u00a0<\/span>\u8fdd\u53cd\u6216\u6000\u7591\u8fdd\u53cd\u672c\u653f\u7b56\u7684\u884c\u4e3a\u5e94\u5411 Naturafrig \u9053\u5fb7\u70ed\u7ebf\u62a5\u544a\u3002<\/div>\r\n<div class=\"s12\"><span class=\"s9\">2.\u00a0<\/span>\u8fdd\u53cd\u672c\u653f\u7b56\u53ef\u80fd\u5bfc\u81f4\u7eaa\u5f8b\u5904\u5206\u3001\u5408\u540c\u5236\u88c1\u53ca\u5176\u4ed6\u9002\u5f53\u7684\u6cd5\u5f8b\u63aa\u65bd\u3002<\/div>\r\n<div>\u00a0<\/div>\r\n<div><a href=\"https:\/\/www.naturafrig.com.br\/zh\/solicitacao-de-dados-dos-titulares\/\">\u6570\u636e\u4e3b\u4f53\u8bf7\u6c42<\/a><\/div>","protected":false},"excerpt":{"rendered":"<p>Pol\u00edtica de Privacidade Naturafrig A Naturafrig, em total transpar\u00eancia e respeito aos seus colaboradores, fornecedores, parceiros, transportadores, prestadores de servi\u00e7os e clientes, apresenta a presente\u00a0Pol\u00edtica de Privacidade\u00a0para informar sobre como realiza o tratamento dos dados pessoais coletados no exerc\u00edcio de suas atividades, em conformidade com a\u00a0Lei Geral de Prote\u00e7\u00e3o de Dados Pessoais (Lei n\u00ba 13.709\/2018 [&hellip;]<\/p>\n","protected":false},"author":1,"featured_media":0,"parent":0,"menu_order":0,"comment_status":"closed","ping_status":"closed","template":"page-politica-privacidade.php","meta":{"_acf_changed":false,"inline_featured_image":false,"footnotes":""},"class_list":["post-3","page","type-page","status-publish","hentry"],"acf":[],"yoast_head":"<!-- This site is optimized with the Yoast SEO plugin v27.5 - https:\/\/yoast.com\/product\/yoast-seo-wordpress\/ -->\n<title>Pol\u00edtica de privacidade - Naturafrig Alimentos<\/title>\n<meta name=\"robots\" content=\"index, follow, max-snippet:-1, max-image-preview:large, max-video-preview:-1\" \/>\n<link rel=\"canonical\" href=\"https:\/\/www.naturafrig.com.br\/zh\/politica-de-privacidade\/\" \/>\n<meta property=\"og:locale\" content=\"zh_CN\" \/>\n<meta property=\"og:type\" content=\"article\" \/>\n<meta property=\"og:title\" content=\"Pol\u00edtica de privacidade - Naturafrig Alimentos\" \/>\n<meta property=\"og:description\" content=\"Pol\u00edtica de Privacidade Naturafrig A Naturafrig, em total transpar\u00eancia e respeito aos seus colaboradores, fornecedores, parceiros, transportadores, prestadores de servi\u00e7os e clientes, apresenta a presente\u00a0Pol\u00edtica de Privacidade\u00a0para informar sobre como realiza o tratamento dos dados pessoais coletados no exerc\u00edcio de suas atividades, em conformidade com a\u00a0Lei Geral de Prote\u00e7\u00e3o de Dados Pessoais (Lei n\u00ba 13.709\/2018 [&hellip;]\" \/>\n<meta property=\"og:url\" content=\"https:\/\/www.naturafrig.com.br\/zh\/politica-de-privacidade\/\" \/>\n<meta property=\"og:site_name\" content=\"Naturafrig Alimentos\" \/>\n<meta property=\"article:publisher\" content=\"https:\/\/www.facebook.com\/naturafrig\/\" \/>\n<meta property=\"article:modified_time\" content=\"2025-11-18T20:23:35+00:00\" \/>\n<meta name=\"twitter:card\" content=\"summary_large_image\" \/>\n<meta name=\"twitter:label1\" content=\"\u9884\u8ba1\u9605\u8bfb\u65f6\u95f4\" \/>\n\t<meta name=\"twitter:data1\" content=\"6 \u5206\" \/>\n<script type=\"application\/ld+json\" class=\"yoast-schema-graph\">{\"@context\":\"https:\\\/\\\/schema.org\",\"@graph\":[{\"@type\":\"WebPage\",\"@id\":\"https:\\\/\\\/www.naturafrig.com.br\\\/politica-de-privacidade\\\/\",\"url\":\"https:\\\/\\\/www.naturafrig.com.br\\\/politica-de-privacidade\\\/\",\"name\":\"Pol\u00edtica de privacidade - Naturafrig Alimentos\",\"isPartOf\":{\"@id\":\"https:\\\/\\\/www.naturafrig.com.br\\\/#website\"},\"datePublished\":\"2024-08-16T14:02:05+00:00\",\"dateModified\":\"2025-11-18T20:23:35+00:00\",\"breadcrumb\":{\"@id\":\"https:\\\/\\\/www.naturafrig.com.br\\\/politica-de-privacidade\\\/#breadcrumb\"},\"inLanguage\":\"zh-Hans\",\"potentialAction\":[{\"@type\":\"ReadAction\",\"target\":[\"https:\\\/\\\/www.naturafrig.com.br\\\/politica-de-privacidade\\\/\"]}]},{\"@type\":\"BreadcrumbList\",\"@id\":\"https:\\\/\\\/www.naturafrig.com.br\\\/politica-de-privacidade\\\/#breadcrumb\",\"itemListElement\":[{\"@type\":\"ListItem\",\"position\":1,\"name\":\"In\u00edcio\",\"item\":\"https:\\\/\\\/www.naturafrig.com.br\\\/\"},{\"@type\":\"ListItem\",\"position\":2,\"name\":\"Pol\u00edtica de privacidade\"}]},{\"@type\":\"WebSite\",\"@id\":\"https:\\\/\\\/www.naturafrig.com.br\\\/#website\",\"url\":\"https:\\\/\\\/www.naturafrig.com.br\\\/\",\"name\":\"Naturafrig Alimentos\",\"description\":\"Qualidade em cada corte!\",\"publisher\":{\"@id\":\"https:\\\/\\\/www.naturafrig.com.br\\\/#organization\"},\"potentialAction\":[{\"@type\":\"SearchAction\",\"target\":{\"@type\":\"EntryPoint\",\"urlTemplate\":\"https:\\\/\\\/www.naturafrig.com.br\\\/?s={search_term_string}\"},\"query-input\":{\"@type\":\"PropertyValueSpecification\",\"valueRequired\":true,\"valueName\":\"search_term_string\"}}],\"inLanguage\":\"zh-Hans\"},{\"@type\":\"Organization\",\"@id\":\"https:\\\/\\\/www.naturafrig.com.br\\\/#organization\",\"name\":\"Naturafrig Alimentos\",\"url\":\"https:\\\/\\\/www.naturafrig.com.br\\\/\",\"logo\":{\"@type\":\"ImageObject\",\"inLanguage\":\"zh-Hans\",\"@id\":\"https:\\\/\\\/www.naturafrig.com.br\\\/#\\\/schema\\\/logo\\\/image\\\/\",\"url\":\"https:\\\/\\\/www.naturafrig.com.br\\\/wp-content\\\/uploads\\\/2025\\\/11\\\/logo_naturafrig.png\",\"contentUrl\":\"https:\\\/\\\/www.naturafrig.com.br\\\/wp-content\\\/uploads\\\/2025\\\/11\\\/logo_naturafrig.png\",\"width\":450,\"height\":220,\"caption\":\"Naturafrig Alimentos\"},\"image\":{\"@id\":\"https:\\\/\\\/www.naturafrig.com.br\\\/#\\\/schema\\\/logo\\\/image\\\/\"},\"sameAs\":[\"https:\\\/\\\/www.facebook.com\\\/naturafrig\\\/\"]}]}<\/script>\n<!-- \/ Yoast SEO plugin. -->","yoast_head_json":{"title":"Pol\u00edtica de privacidade - Naturafrig Alimentos","robots":{"index":"index","follow":"follow","max-snippet":"max-snippet:-1","max-image-preview":"max-image-preview:large","max-video-preview":"max-video-preview:-1"},"canonical":"https:\/\/www.naturafrig.com.br\/zh\/politica-de-privacidade\/","og_locale":"zh_CN","og_type":"article","og_title":"Pol\u00edtica de privacidade - Naturafrig Alimentos","og_description":"Pol\u00edtica de Privacidade Naturafrig A Naturafrig, em total transpar\u00eancia e respeito aos seus colaboradores, fornecedores, parceiros, transportadores, prestadores de servi\u00e7os e clientes, apresenta a presente\u00a0Pol\u00edtica de Privacidade\u00a0para informar sobre como realiza o tratamento dos dados pessoais coletados no exerc\u00edcio de suas atividades, em conformidade com a\u00a0Lei Geral de Prote\u00e7\u00e3o de Dados Pessoais (Lei n\u00ba 13.709\/2018 [&hellip;]","og_url":"https:\/\/www.naturafrig.com.br\/zh\/politica-de-privacidade\/","og_site_name":"Naturafrig Alimentos","article_publisher":"https:\/\/www.facebook.com\/naturafrig\/","article_modified_time":"2025-11-18T20:23:35+00:00","twitter_card":"summary_large_image","twitter_misc":{"\u9884\u8ba1\u9605\u8bfb\u65f6\u95f4":"6 \u5206"},"schema":{"@context":"https:\/\/schema.org","@graph":[{"@type":"WebPage","@id":"https:\/\/www.naturafrig.com.br\/politica-de-privacidade\/","url":"https:\/\/www.naturafrig.com.br\/politica-de-privacidade\/","name":"Pol\u00edtica de privacidade - Naturafrig Alimentos","isPartOf":{"@id":"https:\/\/www.naturafrig.com.br\/#website"},"datePublished":"2024-08-16T14:02:05+00:00","dateModified":"2025-11-18T20:23:35+00:00","breadcrumb":{"@id":"https:\/\/www.naturafrig.com.br\/politica-de-privacidade\/#breadcrumb"},"inLanguage":"zh-Hans","potentialAction":[{"@type":"ReadAction","target":["https:\/\/www.naturafrig.com.br\/politica-de-privacidade\/"]}]},{"@type":"BreadcrumbList","@id":"https:\/\/www.naturafrig.com.br\/politica-de-privacidade\/#breadcrumb","itemListElement":[{"@type":"ListItem","position":1,"name":"In\u00edcio","item":"https:\/\/www.naturafrig.com.br\/"},{"@type":"ListItem","position":2,"name":"Pol\u00edtica de privacidade"}]},{"@type":"WebSite","@id":"https:\/\/www.naturafrig.com.br\/#website","url":"https:\/\/www.naturafrig.com.br\/","name":"Naturafrig Alimentos","description":"Qualidade em cada corte!","publisher":{"@id":"https:\/\/www.naturafrig.com.br\/#organization"},"potentialAction":[{"@type":"SearchAction","target":{"@type":"EntryPoint","urlTemplate":"https:\/\/www.naturafrig.com.br\/?s={search_term_string}"},"query-input":{"@type":"PropertyValueSpecification","valueRequired":true,"valueName":"search_term_string"}}],"inLanguage":"zh-Hans"},{"@type":"Organization","@id":"https:\/\/www.naturafrig.com.br\/#organization","name":"Naturafrig Alimentos","url":"https:\/\/www.naturafrig.com.br\/","logo":{"@type":"ImageObject","inLanguage":"zh-Hans","@id":"https:\/\/www.naturafrig.com.br\/#\/schema\/logo\/image\/","url":"https:\/\/www.naturafrig.com.br\/wp-content\/uploads\/2025\/11\/logo_naturafrig.png","contentUrl":"https:\/\/www.naturafrig.com.br\/wp-content\/uploads\/2025\/11\/logo_naturafrig.png","width":450,"height":220,"caption":"Naturafrig Alimentos"},"image":{"@id":"https:\/\/www.naturafrig.com.br\/#\/schema\/logo\/image\/"},"sameAs":["https:\/\/www.facebook.com\/naturafrig\/"]}]}},"_links":{"self":[{"href":"https:\/\/www.naturafrig.com.br\/zh\/wp-json\/wp\/v2\/pages\/3","targetHints":{"allow":["GET"]}}],"collection":[{"href":"https:\/\/www.naturafrig.com.br\/zh\/wp-json\/wp\/v2\/pages"}],"about":[{"href":"https:\/\/www.naturafrig.com.br\/zh\/wp-json\/wp\/v2\/types\/page"}],"author":[{"embeddable":true,"href":"https:\/\/www.naturafrig.com.br\/zh\/wp-json\/wp\/v2\/users\/1"}],"replies":[{"embeddable":true,"href":"https:\/\/www.naturafrig.com.br\/zh\/wp-json\/wp\/v2\/comments?post=3"}],"version-history":[{"count":4,"href":"https:\/\/www.naturafrig.com.br\/zh\/wp-json\/wp\/v2\/pages\/3\/revisions"}],"predecessor-version":[{"id":12581,"href":"https:\/\/www.naturafrig.com.br\/zh\/wp-json\/wp\/v2\/pages\/3\/revisions\/12581"}],"wp:attachment":[{"href":"https:\/\/www.naturafrig.com.br\/zh\/wp-json\/wp\/v2\/media?parent=3"}],"curies":[{"name":"wp","href":"https:\/\/api.w.org\/{rel}","templated":true}]}}